{"id":3857,"date":"2025-11-12T18:04:26","date_gmt":"2025-11-12T18:04:26","guid":{"rendered":"https:\/\/www.saooptica.pt\/?post_type=product&#038;p=3857"},"modified":"2025-11-13T17:13:18","modified_gmt":"2025-11-13T17:13:18","slug":"mod-757-3-002","status":"publish","type":"product","link":"https:\/\/www.saooptica.pt\/en\/product\/mod-757-3-002\/","title":{"rendered":"MOD 757\/3 &#8211; Gunmetal Gold"},"content":{"rendered":"<article class=\"text-token-text-primary w-full focus:outline-none [--shadow-height:45px] has-data-writing-block:pointer-events-none has-data-writing-block:-mt-(--shadow-height) has-data-writing-block:pt-(--shadow-height) [&amp;:has([data-writing-block])&gt;*]:pointer-events-auto [content-visibility:auto] supports-[content-visibility:auto]:[contain-intrinsic-size:auto_100lvh] scroll-mt-[calc(var(--header-height)+min(200px,max(70px,20svh)))]\" dir=\"auto\" tabindex=\"-1\" data-turn-id=\"request-68b1d341-5acc-8326-8845-646c53c21d26-11\" data-testid=\"conversation-turn-238\" data-scroll-anchor=\"true\" data-turn=\"assistant\">\n<div class=\"text-base my-auto mx-auto pb-10 [--thread-content-margin:--spacing(4)] thread-sm:[--thread-content-margin:--spacing(6)] thread-lg:[--thread-content-margin:--spacing(16)] px-(--thread-content-margin)\">\n<div class=\"[--thread-content-max-width:40rem] thread-lg:[--thread-content-max-width:48rem] mx-auto max-w-(--thread-content-max-width) flex-1 group\/turn-messages focus-visible:outline-hidden relative flex w-full min-w-0 flex-col agent-turn\" tabindex=\"-1\">\n<div class=\"flex max-w-full flex-col grow\">\n<div class=\"min-h-8 text-message relative flex w-full flex-col items-end gap-2 text-start break-words whitespace-normal [.text-message+&amp;]:mt-1\" dir=\"auto\" data-message-author-role=\"assistant\" data-message-id=\"b1b6b7f7-fb1f-4067-9785-a59916f03def\" data-message-model-slug=\"gpt-5\">\n<div class=\"flex w-full flex-col gap-1 empty:hidden first:pt-[1px]\">\n<div class=\"markdown prose dark:prose-invert w-full break-words dark markdown-new-styling\">\n<p data-start=\"39\" data-end=\"314\" data-is-last-node=\"\" data-is-only-node=\"\">O <strong data-start=\"42\" data-end=\"61\">Cazal MOD 757\/3<\/strong> faz parte da lend\u00e1ria cole\u00e7\u00e3o <strong data-start=\"92\" data-end=\"109\">Cazal Legends<\/strong>, um tributo ao legado de <strong data-start=\"135\" data-end=\"151\">Cari Zalloni<\/strong>, o vision\u00e1rio que redefiniu o design de eyewear. Com um visual marcante e confiante, este modelo combina est\u00e9tica ic\u00f3nica com uma constru\u00e7\u00e3o impec\u00e1vel \u2014 um verdadeiro s\u00edmbolo de estilo intemporal e personalidade audaciosa.<\/p>\n<\/div>\n<\/div>\n<\/div>\n<\/div>\n<\/div>\n<\/div>\n<\/article>\n","protected":false},"excerpt":{"rendered":"<p>O Cazal MOD 757\/3 faz parte da lend\u00e1ria cole\u00e7\u00e3o Cazal Legends, um tributo ao legado de Cari Zalloni, o vision\u00e1rio que redefiniu o design de eyewear. Com um visual marcante e confiante, este modelo combina est\u00e9tica ic\u00f3nica com uma constru\u00e7\u00e3o impec\u00e1vel \u2014 um verdadeiro s\u00edmbolo de estilo intemporal e personalidade audaciosa.<\/p>","protected":false},"featured_media":2583,"template":"","meta":{"inline_featured_image":false},"product_brand":[80],"product_cat":[83],"product_tag":[56],"class_list":{"0":"post-3857","1":"product","2":"type-product","3":"status-publish","4":"has-post-thumbnail","6":"product_brand-cazal","7":"product_cat-cazal","8":"product_tag-colecao-sol","10":"first","11":"instock","12":"sold-individually","13":"taxable","14":"shipping-taxable","15":"purchasable","16":"product-type-simple"},"yoast_head":"<!-- This site is optimized with the Yoast SEO plugin v27.1.1 - https:\/\/yoast.com\/product\/yoast-seo-wordpress\/ -->\n<title>MOD 757\/3 - Gunmetal Gold - S\u00e3o \u00d3pticas<\/title>\n<meta name=\"description\" content=\"O Cazal MOD 8517 \u00e9 uma express\u00e3o de individualidade e confian\u00e7a. Parte da ic\u00f4nica linha 8500s\/9500s, este modelo destaca-se pela sua est\u00e9tica ousada e design inconfund\u00edvel, pensado para quem n\u00e3o segue tend\u00eancias \u2014 dita-as. Um verdadeiro statement piece que celebra o luxo e a autenticidade caracter\u00edsticos da Cazal.\" \/>\n<meta name=\"robots\" content=\"index, follow, max-snippet:-1, max-image-preview:large, max-video-preview:-1\" \/>\n<link rel=\"canonical\" href=\"https:\/\/www.saooptica.pt\/en\/product\/mod-757-3-002\/\" \/>\n<meta property=\"og:locale\" content=\"en_GB\" \/>\n<meta property=\"og:type\" content=\"article\" \/>\n<meta property=\"og:title\" content=\"MOD 757\/3 - Gunmetal Gold - S\u00e3o \u00d3pticas\" \/>\n<meta property=\"og:description\" content=\"O Cazal MOD 8517 \u00e9 uma express\u00e3o de individualidade e confian\u00e7a. Parte da ic\u00f4nica linha 8500s\/9500s, este modelo destaca-se pela sua est\u00e9tica ousada e design inconfund\u00edvel, pensado para quem n\u00e3o segue tend\u00eancias \u2014 dita-as. Um verdadeiro statement piece que celebra o luxo e a autenticidade caracter\u00edsticos da Cazal.\" \/>\n<meta property=\"og:url\" content=\"https:\/\/www.saooptica.pt\/en\/product\/mod-757-3-002\/\" \/>\n<meta property=\"og:site_name\" content=\"S\u00e3o \u00d3pticas\" \/>\n<meta property=\"article:publisher\" content=\"https:\/\/www.facebook.com\/saoopticas\/?locale=pt_PT\" \/>\n<meta property=\"article:modified_time\" content=\"2025-11-13T17:13:18+00:00\" \/>\n<meta property=\"og:image\" content=\"https:\/\/www.saooptica.pt\/wp-content\/uploads\/2025\/08\/27CZ0757C002.png\" \/>\n\t<meta property=\"og:image:width\" content=\"1930\" \/>\n\t<meta property=\"og:image:height\" content=\"2560\" \/>\n\t<meta property=\"og:image:type\" content=\"image\/png\" \/>\n<meta name=\"twitter:card\" content=\"summary_large_image\" \/>\n<meta name=\"twitter:label1\" content=\"Estimated reading time\" \/>\n\t<meta name=\"twitter:data1\" content=\"1 minute\" \/>\n<script type=\"application\/ld+json\" class=\"yoast-schema-graph\">{\"@context\":\"https:\/\/schema.org\",\"@graph\":[{\"@type\":\"WebPage\",\"@id\":\"https:\/\/www.saooptica.pt\/produto\/mod-757-3-002\/\",\"url\":\"https:\/\/www.saooptica.pt\/produto\/mod-757-3-002\/\",\"name\":\"MOD 757\/3 - Gunmetal Gold - S\u00e3o \u00d3pticas\",\"isPartOf\":{\"@id\":\"https:\/\/www.saooptica.pt\/#website\"},\"primaryImageOfPage\":{\"@id\":\"https:\/\/www.saooptica.pt\/produto\/mod-757-3-002\/#primaryimage\"},\"image\":{\"@id\":\"https:\/\/www.saooptica.pt\/produto\/mod-757-3-002\/#primaryimage\"},\"thumbnailUrl\":\"https:\/\/www.saooptica.pt\/wp-content\/uploads\/2025\/08\/27CZ0757C002.png\",\"datePublished\":\"2025-11-12T18:04:26+00:00\",\"dateModified\":\"2025-11-13T17:13:18+00:00\",\"description\":\"O Cazal MOD 8517 \u00e9 uma express\u00e3o de individualidade e confian\u00e7a. Parte da ic\u00f4nica linha 8500s\/9500s, este modelo destaca-se pela sua est\u00e9tica ousada e design inconfund\u00edvel, pensado para quem n\u00e3o segue tend\u00eancias \u2014 dita-as. Um verdadeiro statement piece que celebra o luxo e a autenticidade caracter\u00edsticos da Cazal.\",\"breadcrumb\":{\"@id\":\"https:\/\/www.saooptica.pt\/produto\/mod-757-3-002\/#breadcrumb\"},\"inLanguage\":\"en-GB\",\"potentialAction\":[{\"@type\":\"ReadAction\",\"target\":[\"https:\/\/www.saooptica.pt\/produto\/mod-757-3-002\/\"]}]},{\"@type\":\"ImageObject\",\"inLanguage\":\"en-GB\",\"@id\":\"https:\/\/www.saooptica.pt\/produto\/mod-757-3-002\/#primaryimage\",\"url\":\"https:\/\/www.saooptica.pt\/wp-content\/uploads\/2025\/08\/27CZ0757C002.png\",\"contentUrl\":\"https:\/\/www.saooptica.pt\/wp-content\/uploads\/2025\/08\/27CZ0757C002.png\",\"width\":1930,\"height\":2560},{\"@type\":\"BreadcrumbList\",\"@id\":\"https:\/\/www.saooptica.pt\/produto\/mod-757-3-002\/#breadcrumb\",\"itemListElement\":[{\"@type\":\"ListItem\",\"position\":1,\"name\":\"In\u00edcio\",\"item\":\"https:\/\/www.saooptica.pt\/\"},{\"@type\":\"ListItem\",\"position\":2,\"name\":\"Loja\",\"item\":\"https:\/\/www.saooptica.pt\/loja\/\"},{\"@type\":\"ListItem\",\"position\":3,\"name\":\"MOD 757\/3 &#8211; Gunmetal Gold\"}]},{\"@type\":\"WebSite\",\"@id\":\"https:\/\/www.saooptica.pt\/#website\",\"url\":\"https:\/\/www.saooptica.pt\/\",\"name\":\"S\u00e3o \u00d3pticas\",\"description\":\"A sua \u00f3ptica em Leiria\",\"publisher\":{\"@id\":\"https:\/\/www.saooptica.pt\/#organization\"},\"potentialAction\":[{\"@type\":\"SearchAction\",\"target\":{\"@type\":\"EntryPoint\",\"urlTemplate\":\"https:\/\/www.saooptica.pt\/?s={search_term_string}\"},\"query-input\":{\"@type\":\"PropertyValueSpecification\",\"valueRequired\":true,\"valueName\":\"search_term_string\"}}],\"inLanguage\":\"en-GB\"},{\"@type\":\"Organization\",\"@id\":\"https:\/\/www.saooptica.pt\/#organization\",\"name\":\"S\u00e3o \u00d3pticas\",\"url\":\"https:\/\/www.saooptica.pt\/\",\"logo\":{\"@type\":\"ImageObject\",\"inLanguage\":\"en-GB\",\"@id\":\"https:\/\/www.saooptica.pt\/#\/schema\/logo\/image\/\",\"url\":\"https:\/\/www.saooptica.pt\/wp-content\/uploads\/2023\/06\/sao-opticas-header-logo-preto@2x.png\",\"contentUrl\":\"https:\/\/www.saooptica.pt\/wp-content\/uploads\/2023\/06\/sao-opticas-header-logo-preto@2x.png\",\"width\":669,\"height\":93,\"caption\":\"S\u00e3o \u00d3pticas\"},\"image\":{\"@id\":\"https:\/\/www.saooptica.pt\/#\/schema\/logo\/image\/\"},\"sameAs\":[\"https:\/\/www.facebook.com\/saoopticas\/?locale=pt_PT\",\"https:\/\/www.instagram.com\/saoopticas\/\"]}]}<\/script>\n<!-- \/ Yoast SEO plugin. -->","yoast_head_json":{"title":"MOD 757\/3 - Gunmetal Gold - S\u00e3o \u00d3pticas","description":"O Cazal MOD 8517 \u00e9 uma express\u00e3o de individualidade e confian\u00e7a. Parte da ic\u00f4nica linha 8500s\/9500s, este modelo destaca-se pela sua est\u00e9tica ousada e design inconfund\u00edvel, pensado para quem n\u00e3o segue tend\u00eancias \u2014 dita-as. Um verdadeiro statement piece que celebra o luxo e a autenticidade caracter\u00edsticos da Cazal.","robots":{"index":"index","follow":"follow","max-snippet":"max-snippet:-1","max-image-preview":"max-image-preview:large","max-video-preview":"max-video-preview:-1"},"canonical":"https:\/\/www.saooptica.pt\/en\/product\/mod-757-3-002\/","og_locale":"en_GB","og_type":"article","og_title":"MOD 757\/3 - Gunmetal Gold - S\u00e3o \u00d3pticas","og_description":"O Cazal MOD 8517 \u00e9 uma express\u00e3o de individualidade e confian\u00e7a. Parte da ic\u00f4nica linha 8500s\/9500s, este modelo destaca-se pela sua est\u00e9tica ousada e design inconfund\u00edvel, pensado para quem n\u00e3o segue tend\u00eancias \u2014 dita-as. Um verdadeiro statement piece que celebra o luxo e a autenticidade caracter\u00edsticos da Cazal.","og_url":"https:\/\/www.saooptica.pt\/en\/product\/mod-757-3-002\/","og_site_name":"S\u00e3o \u00d3pticas","article_publisher":"https:\/\/www.facebook.com\/saoopticas\/?locale=pt_PT","article_modified_time":"2025-11-13T17:13:18+00:00","og_image":[{"width":1930,"height":2560,"url":"https:\/\/www.saooptica.pt\/wp-content\/uploads\/2025\/08\/27CZ0757C002.png","type":"image\/png"}],"twitter_card":"summary_large_image","twitter_misc":{"Estimated reading time":"1 minute"},"schema":{"@context":"https:\/\/schema.org","@graph":[{"@type":"WebPage","@id":"https:\/\/www.saooptica.pt\/produto\/mod-757-3-002\/","url":"https:\/\/www.saooptica.pt\/produto\/mod-757-3-002\/","name":"MOD 757\/3 - Gunmetal Gold - S\u00e3o \u00d3pticas","isPartOf":{"@id":"https:\/\/www.saooptica.pt\/#website"},"primaryImageOfPage":{"@id":"https:\/\/www.saooptica.pt\/produto\/mod-757-3-002\/#primaryimage"},"image":{"@id":"https:\/\/www.saooptica.pt\/produto\/mod-757-3-002\/#primaryimage"},"thumbnailUrl":"https:\/\/www.saooptica.pt\/wp-content\/uploads\/2025\/08\/27CZ0757C002.png","datePublished":"2025-11-12T18:04:26+00:00","dateModified":"2025-11-13T17:13:18+00:00","description":"O Cazal MOD 8517 \u00e9 uma express\u00e3o de individualidade e confian\u00e7a. Parte da ic\u00f4nica linha 8500s\/9500s, este modelo destaca-se pela sua est\u00e9tica ousada e design inconfund\u00edvel, pensado para quem n\u00e3o segue tend\u00eancias \u2014 dita-as. Um verdadeiro statement piece que celebra o luxo e a autenticidade caracter\u00edsticos da Cazal.","breadcrumb":{"@id":"https:\/\/www.saooptica.pt\/produto\/mod-757-3-002\/#breadcrumb"},"inLanguage":"en-GB","potentialAction":[{"@type":"ReadAction","target":["https:\/\/www.saooptica.pt\/produto\/mod-757-3-002\/"]}]},{"@type":"ImageObject","inLanguage":"en-GB","@id":"https:\/\/www.saooptica.pt\/produto\/mod-757-3-002\/#primaryimage","url":"https:\/\/www.saooptica.pt\/wp-content\/uploads\/2025\/08\/27CZ0757C002.png","contentUrl":"https:\/\/www.saooptica.pt\/wp-content\/uploads\/2025\/08\/27CZ0757C002.png","width":1930,"height":2560},{"@type":"BreadcrumbList","@id":"https:\/\/www.saooptica.pt\/produto\/mod-757-3-002\/#breadcrumb","itemListElement":[{"@type":"ListItem","position":1,"name":"In\u00edcio","item":"https:\/\/www.saooptica.pt\/"},{"@type":"ListItem","position":2,"name":"Loja","item":"https:\/\/www.saooptica.pt\/loja\/"},{"@type":"ListItem","position":3,"name":"MOD 757\/3 &#8211; Gunmetal Gold"}]},{"@type":"WebSite","@id":"https:\/\/www.saooptica.pt\/#website","url":"https:\/\/www.saooptica.pt\/","name":"S\u00e3o \u00d3pticas","description":"A sua \u00f3ptica em Leiria","publisher":{"@id":"https:\/\/www.saooptica.pt\/#organization"},"potentialAction":[{"@type":"SearchAction","target":{"@type":"EntryPoint","urlTemplate":"https:\/\/www.saooptica.pt\/?s={search_term_string}"},"query-input":{"@type":"PropertyValueSpecification","valueRequired":true,"valueName":"search_term_string"}}],"inLanguage":"en-GB"},{"@type":"Organization","@id":"https:\/\/www.saooptica.pt\/#organization","name":"S\u00e3o \u00d3pticas","url":"https:\/\/www.saooptica.pt\/","logo":{"@type":"ImageObject","inLanguage":"en-GB","@id":"https:\/\/www.saooptica.pt\/#\/schema\/logo\/image\/","url":"https:\/\/www.saooptica.pt\/wp-content\/uploads\/2023\/06\/sao-opticas-header-logo-preto@2x.png","contentUrl":"https:\/\/www.saooptica.pt\/wp-content\/uploads\/2023\/06\/sao-opticas-header-logo-preto@2x.png","width":669,"height":93,"caption":"S\u00e3o \u00d3pticas"},"image":{"@id":"https:\/\/www.saooptica.pt\/#\/schema\/logo\/image\/"},"sameAs":["https:\/\/www.facebook.com\/saoopticas\/?locale=pt_PT","https:\/\/www.instagram.com\/saoopticas\/"]}]}},"_links":{"self":[{"href":"https:\/\/www.saooptica.pt\/en\/wp-json\/wp\/v2\/product\/3857","targetHints":{"allow":["GET"]}}],"collection":[{"href":"https:\/\/www.saooptica.pt\/en\/wp-json\/wp\/v2\/product"}],"about":[{"href":"https:\/\/www.saooptica.pt\/en\/wp-json\/wp\/v2\/types\/product"}],"version-history":[{"count":2,"href":"https:\/\/www.saooptica.pt\/en\/wp-json\/wp\/v2\/product\/3857\/revisions"}],"predecessor-version":[{"id":3862,"href":"https:\/\/www.saooptica.pt\/en\/wp-json\/wp\/v2\/product\/3857\/revisions\/3862"}],"wp:featuredmedia":[{"embeddable":true,"href":"https:\/\/www.saooptica.pt\/en\/wp-json\/wp\/v2\/media\/2583"}],"wp:attachment":[{"href":"https:\/\/www.saooptica.pt\/en\/wp-json\/wp\/v2\/media?parent=3857"}],"wp:term":[{"taxonomy":"product_brand","embeddable":true,"href":"https:\/\/www.saooptica.pt\/en\/wp-json\/wp\/v2\/product_brand?post=3857"},{"taxonomy":"product_cat","embeddable":true,"href":"https:\/\/www.saooptica.pt\/en\/wp-json\/wp\/v2\/product_cat?post=3857"},{"taxonomy":"product_tag","embeddable":true,"href":"https:\/\/www.saooptica.pt\/en\/wp-json\/wp\/v2\/product_tag?post=3857"}],"curies":[{"name":"wp","href":"https:\/\/api.w.org\/{rel}","templated":true}]}}