{"id":3796,"date":"2025-10-28T17:01:41","date_gmt":"2025-10-28T17:01:41","guid":{"rendered":"https:\/\/www.saooptica.pt\/?post_type=product&#038;p=3796"},"modified":"2025-10-28T17:04:17","modified_gmt":"2025-10-28T17:04:17","slug":"mod-6033-002","status":"publish","type":"product","link":"https:\/\/www.saooptica.pt\/en\/product\/mod-6033-002\/","title":{"rendered":"MOD 6033 &#8211; Black \/ Silver Matte"},"content":{"rendered":"<p>O Cazal MOD 6033 \u00e9 uma express\u00e3o aut\u00eantica do <strong data-start=\"85\" data-end=\"117\">estilo masculino sofisticado<\/strong> que caracteriza a marca. Integrado \u00e0 lend\u00e1ria linha 6000s\/7000s, este modelo combina <strong data-start=\"203\" data-end=\"258\">eleg\u00e2ncia atemporal e design arquitet\u00f4nico marcante<\/strong>, reafirmando o compromisso da Cazal com a excel\u00eancia e a inova\u00e7\u00e3o no luxo eyewear.<\/p>","protected":false},"excerpt":{"rendered":"<p>O Cazal MOD 6033 \u00e9 uma express\u00e3o aut\u00eantica do estilo masculino sofisticado que caracteriza a marca. Integrado \u00e0 lend\u00e1ria linha 6000s\/7000s, este modelo combina eleg\u00e2ncia atemporal e design arquitet\u00f4nico marcante, reafirmando o compromisso da Cazal com a excel\u00eancia e a inova\u00e7\u00e3o no luxo eyewear.<\/p>","protected":false},"featured_media":2698,"template":"","meta":{"inline_featured_image":false},"product_brand":[80],"product_cat":[83],"product_tag":[57],"class_list":{"0":"post-3796","1":"product","2":"type-product","3":"status-publish","4":"has-post-thumbnail","6":"product_brand-cazal","7":"product_cat-cazal","8":"product_tag-colecao-vista","10":"first","11":"instock","12":"sold-individually","13":"taxable","14":"shipping-taxable","15":"purchasable","16":"product-type-simple"},"yoast_head":"<!-- This site is optimized with the Yoast SEO plugin v27.1.1 - https:\/\/yoast.com\/product\/yoast-seo-wordpress\/ -->\n<title>MOD 6033 - Black \/ Silver Matte - S\u00e3o \u00d3pticas<\/title>\n<meta name=\"description\" content=\"O Cazal MOD 6033 \u00e9 uma express\u00e3o aut\u00eantica do estilo masculino sofisticado que caracteriza a marca. Integrado \u00e0 lend\u00e1ria linha 6000s\/7000s, este modelo combina eleg\u00e2ncia atemporal e design arquitet\u00f4nico marcante, reafirmando o compromisso da Cazal com a excel\u00eancia e a inova\u00e7\u00e3o no luxo eyewear.\" \/>\n<meta name=\"robots\" content=\"index, follow, max-snippet:-1, max-image-preview:large, max-video-preview:-1\" \/>\n<link rel=\"canonical\" href=\"https:\/\/www.saooptica.pt\/en\/product\/mod-6033-002\/\" \/>\n<meta property=\"og:locale\" content=\"en_GB\" \/>\n<meta property=\"og:type\" content=\"article\" \/>\n<meta property=\"og:title\" content=\"MOD 6033 - Black \/ Silver Matte - S\u00e3o \u00d3pticas\" \/>\n<meta property=\"og:description\" content=\"O Cazal MOD 6033 \u00e9 uma express\u00e3o aut\u00eantica do estilo masculino sofisticado que caracteriza a marca. Integrado \u00e0 lend\u00e1ria linha 6000s\/7000s, este modelo combina eleg\u00e2ncia atemporal e design arquitet\u00f4nico marcante, reafirmando o compromisso da Cazal com a excel\u00eancia e a inova\u00e7\u00e3o no luxo eyewear.\" \/>\n<meta property=\"og:url\" content=\"https:\/\/www.saooptica.pt\/en\/product\/mod-6033-002\/\" \/>\n<meta property=\"og:site_name\" content=\"S\u00e3o \u00d3pticas\" \/>\n<meta property=\"article:publisher\" content=\"https:\/\/www.facebook.com\/saoopticas\/?locale=pt_PT\" \/>\n<meta property=\"article:modified_time\" content=\"2025-10-28T17:04:17+00:00\" \/>\n<meta property=\"og:image\" content=\"https:\/\/www.saooptica.pt\/wp-content\/uploads\/2025\/08\/27CZ6033002.png\" \/>\n\t<meta property=\"og:image:width\" content=\"1930\" \/>\n\t<meta property=\"og:image:height\" content=\"2560\" \/>\n\t<meta property=\"og:image:type\" content=\"image\/png\" \/>\n<meta name=\"twitter:card\" content=\"summary_large_image\" \/>\n<meta name=\"twitter:label1\" content=\"Estimated reading time\" \/>\n\t<meta name=\"twitter:data1\" content=\"1 minute\" \/>\n<script type=\"application\/ld+json\" class=\"yoast-schema-graph\">{\"@context\":\"https:\/\/schema.org\",\"@graph\":[{\"@type\":\"WebPage\",\"@id\":\"https:\/\/www.saooptica.pt\/produto\/mod-6033-002\/\",\"url\":\"https:\/\/www.saooptica.pt\/produto\/mod-6033-002\/\",\"name\":\"MOD 6033 - Black \/ Silver Matte - S\u00e3o \u00d3pticas\",\"isPartOf\":{\"@id\":\"https:\/\/www.saooptica.pt\/#website\"},\"primaryImageOfPage\":{\"@id\":\"https:\/\/www.saooptica.pt\/produto\/mod-6033-002\/#primaryimage\"},\"image\":{\"@id\":\"https:\/\/www.saooptica.pt\/produto\/mod-6033-002\/#primaryimage\"},\"thumbnailUrl\":\"https:\/\/www.saooptica.pt\/wp-content\/uploads\/2025\/08\/27CZ6033002.png\",\"datePublished\":\"2025-10-28T17:01:41+00:00\",\"dateModified\":\"2025-10-28T17:04:17+00:00\",\"description\":\"O Cazal MOD 6033 \u00e9 uma express\u00e3o aut\u00eantica do estilo masculino sofisticado que caracteriza a marca. Integrado \u00e0 lend\u00e1ria linha 6000s\/7000s, este modelo combina eleg\u00e2ncia atemporal e design arquitet\u00f4nico marcante, reafirmando o compromisso da Cazal com a excel\u00eancia e a inova\u00e7\u00e3o no luxo eyewear.\",\"breadcrumb\":{\"@id\":\"https:\/\/www.saooptica.pt\/produto\/mod-6033-002\/#breadcrumb\"},\"inLanguage\":\"en-GB\",\"potentialAction\":[{\"@type\":\"ReadAction\",\"target\":[\"https:\/\/www.saooptica.pt\/produto\/mod-6033-002\/\"]}]},{\"@type\":\"ImageObject\",\"inLanguage\":\"en-GB\",\"@id\":\"https:\/\/www.saooptica.pt\/produto\/mod-6033-002\/#primaryimage\",\"url\":\"https:\/\/www.saooptica.pt\/wp-content\/uploads\/2025\/08\/27CZ6033002.png\",\"contentUrl\":\"https:\/\/www.saooptica.pt\/wp-content\/uploads\/2025\/08\/27CZ6033002.png\",\"width\":1930,\"height\":2560},{\"@type\":\"BreadcrumbList\",\"@id\":\"https:\/\/www.saooptica.pt\/produto\/mod-6033-002\/#breadcrumb\",\"itemListElement\":[{\"@type\":\"ListItem\",\"position\":1,\"name\":\"In\u00edcio\",\"item\":\"https:\/\/www.saooptica.pt\/\"},{\"@type\":\"ListItem\",\"position\":2,\"name\":\"Loja\",\"item\":\"https:\/\/www.saooptica.pt\/loja\/\"},{\"@type\":\"ListItem\",\"position\":3,\"name\":\"MOD 6033 &#8211; Black \/ Silver Matte\"}]},{\"@type\":\"WebSite\",\"@id\":\"https:\/\/www.saooptica.pt\/#website\",\"url\":\"https:\/\/www.saooptica.pt\/\",\"name\":\"S\u00e3o \u00d3pticas\",\"description\":\"A sua \u00f3ptica em Leiria\",\"publisher\":{\"@id\":\"https:\/\/www.saooptica.pt\/#organization\"},\"potentialAction\":[{\"@type\":\"SearchAction\",\"target\":{\"@type\":\"EntryPoint\",\"urlTemplate\":\"https:\/\/www.saooptica.pt\/?s={search_term_string}\"},\"query-input\":{\"@type\":\"PropertyValueSpecification\",\"valueRequired\":true,\"valueName\":\"search_term_string\"}}],\"inLanguage\":\"en-GB\"},{\"@type\":\"Organization\",\"@id\":\"https:\/\/www.saooptica.pt\/#organization\",\"name\":\"S\u00e3o \u00d3pticas\",\"url\":\"https:\/\/www.saooptica.pt\/\",\"logo\":{\"@type\":\"ImageObject\",\"inLanguage\":\"en-GB\",\"@id\":\"https:\/\/www.saooptica.pt\/#\/schema\/logo\/image\/\",\"url\":\"https:\/\/www.saooptica.pt\/wp-content\/uploads\/2023\/06\/sao-opticas-header-logo-preto@2x.png\",\"contentUrl\":\"https:\/\/www.saooptica.pt\/wp-content\/uploads\/2023\/06\/sao-opticas-header-logo-preto@2x.png\",\"width\":669,\"height\":93,\"caption\":\"S\u00e3o \u00d3pticas\"},\"image\":{\"@id\":\"https:\/\/www.saooptica.pt\/#\/schema\/logo\/image\/\"},\"sameAs\":[\"https:\/\/www.facebook.com\/saoopticas\/?locale=pt_PT\",\"https:\/\/www.instagram.com\/saoopticas\/\"]}]}<\/script>\n<!-- \/ Yoast SEO plugin. -->","yoast_head_json":{"title":"MOD 6033 - Black \/ Silver Matte - S\u00e3o \u00d3pticas","description":"O Cazal MOD 6033 \u00e9 uma express\u00e3o aut\u00eantica do estilo masculino sofisticado que caracteriza a marca. Integrado \u00e0 lend\u00e1ria linha 6000s\/7000s, este modelo combina eleg\u00e2ncia atemporal e design arquitet\u00f4nico marcante, reafirmando o compromisso da Cazal com a excel\u00eancia e a inova\u00e7\u00e3o no luxo eyewear.","robots":{"index":"index","follow":"follow","max-snippet":"max-snippet:-1","max-image-preview":"max-image-preview:large","max-video-preview":"max-video-preview:-1"},"canonical":"https:\/\/www.saooptica.pt\/en\/product\/mod-6033-002\/","og_locale":"en_GB","og_type":"article","og_title":"MOD 6033 - Black \/ Silver Matte - S\u00e3o \u00d3pticas","og_description":"O Cazal MOD 6033 \u00e9 uma express\u00e3o aut\u00eantica do estilo masculino sofisticado que caracteriza a marca. Integrado \u00e0 lend\u00e1ria linha 6000s\/7000s, este modelo combina eleg\u00e2ncia atemporal e design arquitet\u00f4nico marcante, reafirmando o compromisso da Cazal com a excel\u00eancia e a inova\u00e7\u00e3o no luxo eyewear.","og_url":"https:\/\/www.saooptica.pt\/en\/product\/mod-6033-002\/","og_site_name":"S\u00e3o \u00d3pticas","article_publisher":"https:\/\/www.facebook.com\/saoopticas\/?locale=pt_PT","article_modified_time":"2025-10-28T17:04:17+00:00","og_image":[{"width":1930,"height":2560,"url":"https:\/\/www.saooptica.pt\/wp-content\/uploads\/2025\/08\/27CZ6033002.png","type":"image\/png"}],"twitter_card":"summary_large_image","twitter_misc":{"Estimated reading time":"1 minute"},"schema":{"@context":"https:\/\/schema.org","@graph":[{"@type":"WebPage","@id":"https:\/\/www.saooptica.pt\/produto\/mod-6033-002\/","url":"https:\/\/www.saooptica.pt\/produto\/mod-6033-002\/","name":"MOD 6033 - Black \/ Silver Matte - S\u00e3o \u00d3pticas","isPartOf":{"@id":"https:\/\/www.saooptica.pt\/#website"},"primaryImageOfPage":{"@id":"https:\/\/www.saooptica.pt\/produto\/mod-6033-002\/#primaryimage"},"image":{"@id":"https:\/\/www.saooptica.pt\/produto\/mod-6033-002\/#primaryimage"},"thumbnailUrl":"https:\/\/www.saooptica.pt\/wp-content\/uploads\/2025\/08\/27CZ6033002.png","datePublished":"2025-10-28T17:01:41+00:00","dateModified":"2025-10-28T17:04:17+00:00","description":"O Cazal MOD 6033 \u00e9 uma express\u00e3o aut\u00eantica do estilo masculino sofisticado que caracteriza a marca. Integrado \u00e0 lend\u00e1ria linha 6000s\/7000s, este modelo combina eleg\u00e2ncia atemporal e design arquitet\u00f4nico marcante, reafirmando o compromisso da Cazal com a excel\u00eancia e a inova\u00e7\u00e3o no luxo eyewear.","breadcrumb":{"@id":"https:\/\/www.saooptica.pt\/produto\/mod-6033-002\/#breadcrumb"},"inLanguage":"en-GB","potentialAction":[{"@type":"ReadAction","target":["https:\/\/www.saooptica.pt\/produto\/mod-6033-002\/"]}]},{"@type":"ImageObject","inLanguage":"en-GB","@id":"https:\/\/www.saooptica.pt\/produto\/mod-6033-002\/#primaryimage","url":"https:\/\/www.saooptica.pt\/wp-content\/uploads\/2025\/08\/27CZ6033002.png","contentUrl":"https:\/\/www.saooptica.pt\/wp-content\/uploads\/2025\/08\/27CZ6033002.png","width":1930,"height":2560},{"@type":"BreadcrumbList","@id":"https:\/\/www.saooptica.pt\/produto\/mod-6033-002\/#breadcrumb","itemListElement":[{"@type":"ListItem","position":1,"name":"In\u00edcio","item":"https:\/\/www.saooptica.pt\/"},{"@type":"ListItem","position":2,"name":"Loja","item":"https:\/\/www.saooptica.pt\/loja\/"},{"@type":"ListItem","position":3,"name":"MOD 6033 &#8211; Black \/ Silver Matte"}]},{"@type":"WebSite","@id":"https:\/\/www.saooptica.pt\/#website","url":"https:\/\/www.saooptica.pt\/","name":"S\u00e3o \u00d3pticas","description":"A sua \u00f3ptica em Leiria","publisher":{"@id":"https:\/\/www.saooptica.pt\/#organization"},"potentialAction":[{"@type":"SearchAction","target":{"@type":"EntryPoint","urlTemplate":"https:\/\/www.saooptica.pt\/?s={search_term_string}"},"query-input":{"@type":"PropertyValueSpecification","valueRequired":true,"valueName":"search_term_string"}}],"inLanguage":"en-GB"},{"@type":"Organization","@id":"https:\/\/www.saooptica.pt\/#organization","name":"S\u00e3o \u00d3pticas","url":"https:\/\/www.saooptica.pt\/","logo":{"@type":"ImageObject","inLanguage":"en-GB","@id":"https:\/\/www.saooptica.pt\/#\/schema\/logo\/image\/","url":"https:\/\/www.saooptica.pt\/wp-content\/uploads\/2023\/06\/sao-opticas-header-logo-preto@2x.png","contentUrl":"https:\/\/www.saooptica.pt\/wp-content\/uploads\/2023\/06\/sao-opticas-header-logo-preto@2x.png","width":669,"height":93,"caption":"S\u00e3o \u00d3pticas"},"image":{"@id":"https:\/\/www.saooptica.pt\/#\/schema\/logo\/image\/"},"sameAs":["https:\/\/www.facebook.com\/saoopticas\/?locale=pt_PT","https:\/\/www.instagram.com\/saoopticas\/"]}]}},"_links":{"self":[{"href":"https:\/\/www.saooptica.pt\/en\/wp-json\/wp\/v2\/product\/3796","targetHints":{"allow":["GET"]}}],"collection":[{"href":"https:\/\/www.saooptica.pt\/en\/wp-json\/wp\/v2\/product"}],"about":[{"href":"https:\/\/www.saooptica.pt\/en\/wp-json\/wp\/v2\/types\/product"}],"version-history":[{"count":1,"href":"https:\/\/www.saooptica.pt\/en\/wp-json\/wp\/v2\/product\/3796\/revisions"}],"predecessor-version":[{"id":3797,"href":"https:\/\/www.saooptica.pt\/en\/wp-json\/wp\/v2\/product\/3796\/revisions\/3797"}],"wp:featuredmedia":[{"embeddable":true,"href":"https:\/\/www.saooptica.pt\/en\/wp-json\/wp\/v2\/media\/2698"}],"wp:attachment":[{"href":"https:\/\/www.saooptica.pt\/en\/wp-json\/wp\/v2\/media?parent=3796"}],"wp:term":[{"taxonomy":"product_brand","embeddable":true,"href":"https:\/\/www.saooptica.pt\/en\/wp-json\/wp\/v2\/product_brand?post=3796"},{"taxonomy":"product_cat","embeddable":true,"href":"https:\/\/www.saooptica.pt\/en\/wp-json\/wp\/v2\/product_cat?post=3796"},{"taxonomy":"product_tag","embeddable":true,"href":"https:\/\/www.saooptica.pt\/en\/wp-json\/wp\/v2\/product_tag?post=3796"}],"curies":[{"name":"wp","href":"https:\/\/api.w.org\/{rel}","templated":true}]}}