{"id":3267,"date":"2025-09-30T17:19:40","date_gmt":"2025-09-30T17:19:40","guid":{"rendered":"https:\/\/www.saooptica.pt\/?post_type=product&#038;p=3267"},"modified":"2025-10-14T09:00:24","modified_gmt":"2025-10-14T09:00:24","slug":"bowery-4352","status":"publish","type":"product","link":"https:\/\/www.saooptica.pt\/en\/product\/bowery-4352\/","title":{"rendered":"BOWERY &#8211; Gradient Green"},"content":{"rendered":"<p data-start=\"133\" data-end=\"420\">Aposte no estilo atemporal com os <strong data-start=\"167\" data-end=\"191\">Thierry Lasry BOWERY<\/strong>, uma reinterpreta\u00e7\u00e3o moderna do cl\u00e1ssico aviador. Inspirado no charme retr\u00f4 dos anos 80, este modelo combina linhas elegantes com hastes met\u00e1licas exclusivas da marca, entregando um visual que equilibra sofistica\u00e7\u00e3o e atitude.<\/p>\n<p data-start=\"422\" data-end=\"702\">Produzidos artesanalmente na <strong data-start=\"451\" data-end=\"461\">Fran\u00e7a<\/strong> em <strong data-start=\"465\" data-end=\"484\">acetato premium<\/strong>, os \u00f3culos de sol <strong data-start=\"503\" data-end=\"513\">BOWERY<\/strong> s\u00e3o projetados para homens e mulheres que buscam um acess\u00f3rio vers\u00e1til e ic\u00f4nico. Suas lentes de alta qualidade oferecem <strong data-start=\"635\" data-end=\"656\">prote\u00e7\u00e3o UV total<\/strong>, aliando design e performance no dia a dia.<\/p>","protected":false},"excerpt":{"rendered":"<p>Aposte no estilo atemporal com os Thierry Lasry BOWERY, uma reinterpreta\u00e7\u00e3o moderna do cl\u00e1ssico aviador. Inspirado no charme retr\u00f4 dos anos 80, este modelo combina linhas elegantes com hastes met\u00e1licas exclusivas da marca, entregando um visual que equilibra sofistica\u00e7\u00e3o e atitude. Produzidos artesanalmente na Fran\u00e7a em acetato premium, os \u00f3culos de sol BOWERY s\u00e3o projetados [&hellip;]<\/p>\n","protected":false},"featured_media":3320,"template":"","meta":{"inline_featured_image":false},"product_brand":[77],"product_cat":[82],"product_tag":[58,56],"class_list":{"0":"post-3267","1":"product","2":"type-product","3":"status-publish","4":"has-post-thumbnail","6":"product_brand-thierry-lasry","7":"product_cat-thierry-lasry","8":"product_tag-colecao-infantil","9":"product_tag-colecao-sol","11":"first","12":"instock","13":"sold-individually","14":"taxable","15":"shipping-taxable","16":"purchasable","17":"product-type-simple"},"yoast_head":"<!-- This site is optimized with the Yoast SEO plugin v27.1.1 - https:\/\/yoast.com\/product\/yoast-seo-wordpress\/ -->\n<title>BOWERY - Gradient Green - S\u00e3o \u00d3pticas<\/title>\n<meta name=\"description\" content=\"Aposte no estilo atemporal com os Thierry Lasry BOWERY, uma reinterpreta\u00e7\u00e3o moderna do cl\u00e1ssico aviador. Inspirado no charme retr\u00f4 dos anos 80, este modelo combina linhas elegantes com hastes met\u00e1licas exclusivas da marca, entregando um visual que equilibra sofistica\u00e7\u00e3o e atitude.Produzidos artesanalmente na Fran\u00e7a em acetato premium, os \u00f3culos de sol BOWERY s\u00e3o projetados para homens e mulheres que buscam um acess\u00f3rio vers\u00e1til e ic\u00f4nico. Suas lentes de alta qualidade oferecem prote\u00e7\u00e3o UV total, aliando design e performance no dia a dia.\" \/>\n<meta name=\"robots\" content=\"index, follow, max-snippet:-1, max-image-preview:large, max-video-preview:-1\" \/>\n<link rel=\"canonical\" href=\"https:\/\/www.saooptica.pt\/en\/product\/bowery-4352\/\" \/>\n<meta property=\"og:locale\" content=\"en_GB\" \/>\n<meta property=\"og:type\" content=\"article\" \/>\n<meta property=\"og:title\" content=\"BOWERY - Gradient Green - S\u00e3o \u00d3pticas\" \/>\n<meta property=\"og:description\" content=\"Aposte no estilo atemporal com os Thierry Lasry BOWERY, uma reinterpreta\u00e7\u00e3o moderna do cl\u00e1ssico aviador. Inspirado no charme retr\u00f4 dos anos 80, este modelo combina linhas elegantes com hastes met\u00e1licas exclusivas da marca, entregando um visual que equilibra sofistica\u00e7\u00e3o e atitude.Produzidos artesanalmente na Fran\u00e7a em acetato premium, os \u00f3culos de sol BOWERY s\u00e3o projetados para homens e mulheres que buscam um acess\u00f3rio vers\u00e1til e ic\u00f4nico. Suas lentes de alta qualidade oferecem prote\u00e7\u00e3o UV total, aliando design e performance no dia a dia.\" \/>\n<meta property=\"og:url\" content=\"https:\/\/www.saooptica.pt\/en\/product\/bowery-4352\/\" \/>\n<meta property=\"og:site_name\" content=\"S\u00e3o \u00d3pticas\" \/>\n<meta property=\"article:publisher\" content=\"https:\/\/www.facebook.com\/saoopticas\/?locale=pt_PT\" \/>\n<meta property=\"article:modified_time\" content=\"2025-10-14T09:00:24+00:00\" \/>\n<meta property=\"og:image\" content=\"https:\/\/www.saooptica.pt\/wp-content\/uploads\/2025\/09\/41BOWERY4352-e1760432199799.jpg\" \/>\n\t<meta property=\"og:image:width\" content=\"970\" \/>\n\t<meta property=\"og:image:height\" content=\"730\" \/>\n\t<meta property=\"og:image:type\" content=\"image\/jpeg\" \/>\n<meta name=\"twitter:card\" content=\"summary_large_image\" \/>\n<meta name=\"twitter:label1\" content=\"Estimated reading time\" \/>\n\t<meta name=\"twitter:data1\" content=\"1 minute\" \/>\n<script type=\"application\/ld+json\" class=\"yoast-schema-graph\">{\"@context\":\"https:\/\/schema.org\",\"@graph\":[{\"@type\":\"WebPage\",\"@id\":\"https:\/\/www.saooptica.pt\/produto\/bowery-4352\/\",\"url\":\"https:\/\/www.saooptica.pt\/produto\/bowery-4352\/\",\"name\":\"BOWERY - Gradient Green - S\u00e3o \u00d3pticas\",\"isPartOf\":{\"@id\":\"https:\/\/www.saooptica.pt\/#website\"},\"primaryImageOfPage\":{\"@id\":\"https:\/\/www.saooptica.pt\/produto\/bowery-4352\/#primaryimage\"},\"image\":{\"@id\":\"https:\/\/www.saooptica.pt\/produto\/bowery-4352\/#primaryimage\"},\"thumbnailUrl\":\"https:\/\/www.saooptica.pt\/wp-content\/uploads\/2025\/09\/41BOWERY4352.jpg\",\"datePublished\":\"2025-09-30T17:19:40+00:00\",\"dateModified\":\"2025-10-14T09:00:24+00:00\",\"description\":\"Aposte no estilo atemporal com os Thierry Lasry BOWERY, uma reinterpreta\u00e7\u00e3o moderna do cl\u00e1ssico aviador. Inspirado no charme retr\u00f4 dos anos 80, este modelo combina linhas elegantes com hastes met\u00e1licas exclusivas da marca, entregando um visual que equilibra sofistica\u00e7\u00e3o e atitude.Produzidos artesanalmente na Fran\u00e7a em acetato premium, os \u00f3culos de sol BOWERY s\u00e3o projetados para homens e mulheres que buscam um acess\u00f3rio vers\u00e1til e ic\u00f4nico. Suas lentes de alta qualidade oferecem prote\u00e7\u00e3o UV total, aliando design e performance no dia a dia.\",\"breadcrumb\":{\"@id\":\"https:\/\/www.saooptica.pt\/produto\/bowery-4352\/#breadcrumb\"},\"inLanguage\":\"en-GB\",\"potentialAction\":[{\"@type\":\"ReadAction\",\"target\":[\"https:\/\/www.saooptica.pt\/produto\/bowery-4352\/\"]}]},{\"@type\":\"ImageObject\",\"inLanguage\":\"en-GB\",\"@id\":\"https:\/\/www.saooptica.pt\/produto\/bowery-4352\/#primaryimage\",\"url\":\"https:\/\/www.saooptica.pt\/wp-content\/uploads\/2025\/09\/41BOWERY4352.jpg\",\"contentUrl\":\"https:\/\/www.saooptica.pt\/wp-content\/uploads\/2025\/09\/41BOWERY4352.jpg\",\"width\":1930,\"height\":2560},{\"@type\":\"BreadcrumbList\",\"@id\":\"https:\/\/www.saooptica.pt\/produto\/bowery-4352\/#breadcrumb\",\"itemListElement\":[{\"@type\":\"ListItem\",\"position\":1,\"name\":\"In\u00edcio\",\"item\":\"https:\/\/www.saooptica.pt\/\"},{\"@type\":\"ListItem\",\"position\":2,\"name\":\"Loja\",\"item\":\"https:\/\/www.saooptica.pt\/loja\/\"},{\"@type\":\"ListItem\",\"position\":3,\"name\":\"BOWERY &#8211; Gradient Green\"}]},{\"@type\":\"WebSite\",\"@id\":\"https:\/\/www.saooptica.pt\/#website\",\"url\":\"https:\/\/www.saooptica.pt\/\",\"name\":\"S\u00e3o \u00d3pticas\",\"description\":\"A sua \u00f3ptica em Leiria\",\"publisher\":{\"@id\":\"https:\/\/www.saooptica.pt\/#organization\"},\"potentialAction\":[{\"@type\":\"SearchAction\",\"target\":{\"@type\":\"EntryPoint\",\"urlTemplate\":\"https:\/\/www.saooptica.pt\/?s={search_term_string}\"},\"query-input\":{\"@type\":\"PropertyValueSpecification\",\"valueRequired\":true,\"valueName\":\"search_term_string\"}}],\"inLanguage\":\"en-GB\"},{\"@type\":\"Organization\",\"@id\":\"https:\/\/www.saooptica.pt\/#organization\",\"name\":\"S\u00e3o \u00d3pticas\",\"url\":\"https:\/\/www.saooptica.pt\/\",\"logo\":{\"@type\":\"ImageObject\",\"inLanguage\":\"en-GB\",\"@id\":\"https:\/\/www.saooptica.pt\/#\/schema\/logo\/image\/\",\"url\":\"https:\/\/www.saooptica.pt\/wp-content\/uploads\/2023\/06\/sao-opticas-header-logo-preto@2x.png\",\"contentUrl\":\"https:\/\/www.saooptica.pt\/wp-content\/uploads\/2023\/06\/sao-opticas-header-logo-preto@2x.png\",\"width\":669,\"height\":93,\"caption\":\"S\u00e3o \u00d3pticas\"},\"image\":{\"@id\":\"https:\/\/www.saooptica.pt\/#\/schema\/logo\/image\/\"},\"sameAs\":[\"https:\/\/www.facebook.com\/saoopticas\/?locale=pt_PT\",\"https:\/\/www.instagram.com\/saoopticas\/\"]}]}<\/script>\n<!-- \/ Yoast SEO plugin. -->","yoast_head_json":{"title":"BOWERY - Gradient Green - S\u00e3o \u00d3pticas","description":"Aposte no estilo atemporal com os Thierry Lasry BOWERY, uma reinterpreta\u00e7\u00e3o moderna do cl\u00e1ssico aviador. Inspirado no charme retr\u00f4 dos anos 80, este modelo combina linhas elegantes com hastes met\u00e1licas exclusivas da marca, entregando um visual que equilibra sofistica\u00e7\u00e3o e atitude.Produzidos artesanalmente na Fran\u00e7a em acetato premium, os \u00f3culos de sol BOWERY s\u00e3o projetados para homens e mulheres que buscam um acess\u00f3rio vers\u00e1til e ic\u00f4nico. Suas lentes de alta qualidade oferecem prote\u00e7\u00e3o UV total, aliando design e performance no dia a dia.","robots":{"index":"index","follow":"follow","max-snippet":"max-snippet:-1","max-image-preview":"max-image-preview:large","max-video-preview":"max-video-preview:-1"},"canonical":"https:\/\/www.saooptica.pt\/en\/product\/bowery-4352\/","og_locale":"en_GB","og_type":"article","og_title":"BOWERY - Gradient Green - S\u00e3o \u00d3pticas","og_description":"Aposte no estilo atemporal com os Thierry Lasry BOWERY, uma reinterpreta\u00e7\u00e3o moderna do cl\u00e1ssico aviador. Inspirado no charme retr\u00f4 dos anos 80, este modelo combina linhas elegantes com hastes met\u00e1licas exclusivas da marca, entregando um visual que equilibra sofistica\u00e7\u00e3o e atitude.Produzidos artesanalmente na Fran\u00e7a em acetato premium, os \u00f3culos de sol BOWERY s\u00e3o projetados para homens e mulheres que buscam um acess\u00f3rio vers\u00e1til e ic\u00f4nico. Suas lentes de alta qualidade oferecem prote\u00e7\u00e3o UV total, aliando design e performance no dia a dia.","og_url":"https:\/\/www.saooptica.pt\/en\/product\/bowery-4352\/","og_site_name":"S\u00e3o \u00d3pticas","article_publisher":"https:\/\/www.facebook.com\/saoopticas\/?locale=pt_PT","article_modified_time":"2025-10-14T09:00:24+00:00","og_image":[{"width":970,"height":730,"url":"https:\/\/www.saooptica.pt\/wp-content\/uploads\/2025\/09\/41BOWERY4352-e1760432199799.jpg","type":"image\/jpeg"}],"twitter_card":"summary_large_image","twitter_misc":{"Estimated reading time":"1 minute"},"schema":{"@context":"https:\/\/schema.org","@graph":[{"@type":"WebPage","@id":"https:\/\/www.saooptica.pt\/produto\/bowery-4352\/","url":"https:\/\/www.saooptica.pt\/produto\/bowery-4352\/","name":"BOWERY - Gradient Green - S\u00e3o \u00d3pticas","isPartOf":{"@id":"https:\/\/www.saooptica.pt\/#website"},"primaryImageOfPage":{"@id":"https:\/\/www.saooptica.pt\/produto\/bowery-4352\/#primaryimage"},"image":{"@id":"https:\/\/www.saooptica.pt\/produto\/bowery-4352\/#primaryimage"},"thumbnailUrl":"https:\/\/www.saooptica.pt\/wp-content\/uploads\/2025\/09\/41BOWERY4352.jpg","datePublished":"2025-09-30T17:19:40+00:00","dateModified":"2025-10-14T09:00:24+00:00","description":"Aposte no estilo atemporal com os Thierry Lasry BOWERY, uma reinterpreta\u00e7\u00e3o moderna do cl\u00e1ssico aviador. Inspirado no charme retr\u00f4 dos anos 80, este modelo combina linhas elegantes com hastes met\u00e1licas exclusivas da marca, entregando um visual que equilibra sofistica\u00e7\u00e3o e atitude.Produzidos artesanalmente na Fran\u00e7a em acetato premium, os \u00f3culos de sol BOWERY s\u00e3o projetados para homens e mulheres que buscam um acess\u00f3rio vers\u00e1til e ic\u00f4nico. Suas lentes de alta qualidade oferecem prote\u00e7\u00e3o UV total, aliando design e performance no dia a dia.","breadcrumb":{"@id":"https:\/\/www.saooptica.pt\/produto\/bowery-4352\/#breadcrumb"},"inLanguage":"en-GB","potentialAction":[{"@type":"ReadAction","target":["https:\/\/www.saooptica.pt\/produto\/bowery-4352\/"]}]},{"@type":"ImageObject","inLanguage":"en-GB","@id":"https:\/\/www.saooptica.pt\/produto\/bowery-4352\/#primaryimage","url":"https:\/\/www.saooptica.pt\/wp-content\/uploads\/2025\/09\/41BOWERY4352.jpg","contentUrl":"https:\/\/www.saooptica.pt\/wp-content\/uploads\/2025\/09\/41BOWERY4352.jpg","width":1930,"height":2560},{"@type":"BreadcrumbList","@id":"https:\/\/www.saooptica.pt\/produto\/bowery-4352\/#breadcrumb","itemListElement":[{"@type":"ListItem","position":1,"name":"In\u00edcio","item":"https:\/\/www.saooptica.pt\/"},{"@type":"ListItem","position":2,"name":"Loja","item":"https:\/\/www.saooptica.pt\/loja\/"},{"@type":"ListItem","position":3,"name":"BOWERY &#8211; Gradient Green"}]},{"@type":"WebSite","@id":"https:\/\/www.saooptica.pt\/#website","url":"https:\/\/www.saooptica.pt\/","name":"S\u00e3o \u00d3pticas","description":"A sua \u00f3ptica em Leiria","publisher":{"@id":"https:\/\/www.saooptica.pt\/#organization"},"potentialAction":[{"@type":"SearchAction","target":{"@type":"EntryPoint","urlTemplate":"https:\/\/www.saooptica.pt\/?s={search_term_string}"},"query-input":{"@type":"PropertyValueSpecification","valueRequired":true,"valueName":"search_term_string"}}],"inLanguage":"en-GB"},{"@type":"Organization","@id":"https:\/\/www.saooptica.pt\/#organization","name":"S\u00e3o \u00d3pticas","url":"https:\/\/www.saooptica.pt\/","logo":{"@type":"ImageObject","inLanguage":"en-GB","@id":"https:\/\/www.saooptica.pt\/#\/schema\/logo\/image\/","url":"https:\/\/www.saooptica.pt\/wp-content\/uploads\/2023\/06\/sao-opticas-header-logo-preto@2x.png","contentUrl":"https:\/\/www.saooptica.pt\/wp-content\/uploads\/2023\/06\/sao-opticas-header-logo-preto@2x.png","width":669,"height":93,"caption":"S\u00e3o \u00d3pticas"},"image":{"@id":"https:\/\/www.saooptica.pt\/#\/schema\/logo\/image\/"},"sameAs":["https:\/\/www.facebook.com\/saoopticas\/?locale=pt_PT","https:\/\/www.instagram.com\/saoopticas\/"]}]}},"_links":{"self":[{"href":"https:\/\/www.saooptica.pt\/en\/wp-json\/wp\/v2\/product\/3267","targetHints":{"allow":["GET"]}}],"collection":[{"href":"https:\/\/www.saooptica.pt\/en\/wp-json\/wp\/v2\/product"}],"about":[{"href":"https:\/\/www.saooptica.pt\/en\/wp-json\/wp\/v2\/types\/product"}],"version-history":[{"count":1,"href":"https:\/\/www.saooptica.pt\/en\/wp-json\/wp\/v2\/product\/3267\/revisions"}],"predecessor-version":[{"id":3268,"href":"https:\/\/www.saooptica.pt\/en\/wp-json\/wp\/v2\/product\/3267\/revisions\/3268"}],"wp:featuredmedia":[{"embeddable":true,"href":"https:\/\/www.saooptica.pt\/en\/wp-json\/wp\/v2\/media\/3320"}],"wp:attachment":[{"href":"https:\/\/www.saooptica.pt\/en\/wp-json\/wp\/v2\/media?parent=3267"}],"wp:term":[{"taxonomy":"product_brand","embeddable":true,"href":"https:\/\/www.saooptica.pt\/en\/wp-json\/wp\/v2\/product_brand?post=3267"},{"taxonomy":"product_cat","embeddable":true,"href":"https:\/\/www.saooptica.pt\/en\/wp-json\/wp\/v2\/product_cat?post=3267"},{"taxonomy":"product_tag","embeddable":true,"href":"https:\/\/www.saooptica.pt\/en\/wp-json\/wp\/v2\/product_tag?post=3267"}],"curies":[{"name":"wp","href":"https:\/\/api.w.org\/{rel}","templated":true}]}}