{"id":3263,"date":"2025-09-26T17:02:12","date_gmt":"2025-09-26T17:02:12","guid":{"rendered":"https:\/\/www.saooptica.pt\/?post_type=product&#038;p=3263"},"modified":"2026-01-26T16:38:48","modified_gmt":"2026-01-26T16:38:48","slug":"insanity-8371","status":"publish","type":"product","link":"https:\/\/www.saooptica.pt\/en\/product\/insanity-8371\/","title":{"rendered":"INSANITY &#8211; Brown"},"content":{"rendered":"<p data-start=\"190\" data-end=\"356\">Os <strong data-start=\"193\" data-end=\"219\">Thierry Lasry INSANITY<\/strong> oferecem um design <strong data-start=\"239\" data-end=\"272\">retangular robusto e marcante<\/strong>, pensado para o homem moderno que deseja <strong data-start=\"314\" data-end=\"353\">presen\u00e7a e sofistica\u00e7\u00e3o sem esfor\u00e7o<\/strong>.<\/p>\n<p data-start=\"358\" data-end=\"575\">Produzidos artesanalmente na <strong data-start=\"387\" data-end=\"397\">It\u00e1lia<\/strong> em <strong data-start=\"401\" data-end=\"420\">acetato premium<\/strong>, garantem <strong data-start=\"431\" data-end=\"488\">conforto, durabilidade e acabamento de alta qualidade<\/strong>. Suas lentes proporcionam <strong data-start=\"515\" data-end=\"536\">prote\u00e7\u00e3o UV total<\/strong>, combinando funcionalidade e estilo.<\/p>","protected":false},"excerpt":{"rendered":"<p>Os Thierry Lasry INSANITY oferecem um design retangular robusto e marcante, pensado para o homem moderno que deseja presen\u00e7a e sofistica\u00e7\u00e3o sem esfor\u00e7o. Produzidos artesanalmente na It\u00e1lia em acetato premium, garantem conforto, durabilidade e acabamento de alta qualidade. Suas lentes proporcionam prote\u00e7\u00e3o UV total, combinando funcionalidade e estilo.<\/p>","protected":false},"featured_media":2495,"template":"","meta":{"inline_featured_image":false},"product_brand":[77],"product_cat":[82],"product_tag":[56],"class_list":{"0":"post-3263","1":"product","2":"type-product","3":"status-publish","4":"has-post-thumbnail","6":"product_brand-thierry-lasry","7":"product_cat-thierry-lasry","8":"product_tag-colecao-sol","10":"first","11":"outofstock","12":"sold-individually","13":"taxable","14":"shipping-taxable","15":"purchasable","16":"product-type-simple"},"yoast_head":"<!-- This site is optimized with the Yoast SEO plugin v27.1.1 - https:\/\/yoast.com\/product\/yoast-seo-wordpress\/ -->\n<title>INSANITY - Brown - S\u00e3o \u00d3pticas<\/title>\n<meta name=\"description\" content=\"Os Thierry Lasry INSANITY oferecem um design retangular robusto e marcante, pensado para o homem moderno que deseja presen\u00e7a e sofistica\u00e7\u00e3o sem esfor\u00e7o.Produzidos artesanalmente na It\u00e1lia em acetato premium, garantem conforto, durabilidade e acabamento de alta qualidade. Suas lentes proporcionam prote\u00e7\u00e3o UV total, combinando funcionalidade e estilo.\" \/>\n<meta name=\"robots\" content=\"index, follow, max-snippet:-1, max-image-preview:large, max-video-preview:-1\" \/>\n<link rel=\"canonical\" href=\"https:\/\/www.saooptica.pt\/en\/product\/insanity-8371\/\" \/>\n<meta property=\"og:locale\" content=\"en_GB\" \/>\n<meta property=\"og:type\" content=\"article\" \/>\n<meta property=\"og:title\" content=\"INSANITY - Brown - S\u00e3o \u00d3pticas\" \/>\n<meta property=\"og:description\" content=\"Os Thierry Lasry INSANITY oferecem um design retangular robusto e marcante, pensado para o homem moderno que deseja presen\u00e7a e sofistica\u00e7\u00e3o sem esfor\u00e7o.Produzidos artesanalmente na It\u00e1lia em acetato premium, garantem conforto, durabilidade e acabamento de alta qualidade. Suas lentes proporcionam prote\u00e7\u00e3o UV total, combinando funcionalidade e estilo.\" \/>\n<meta property=\"og:url\" content=\"https:\/\/www.saooptica.pt\/en\/product\/insanity-8371\/\" \/>\n<meta property=\"og:site_name\" content=\"S\u00e3o \u00d3pticas\" \/>\n<meta property=\"article:publisher\" content=\"https:\/\/www.facebook.com\/saoopticas\/?locale=pt_PT\" \/>\n<meta property=\"article:modified_time\" content=\"2026-01-26T16:38:48+00:00\" \/>\n<meta property=\"og:image\" content=\"https:\/\/www.saooptica.pt\/wp-content\/uploads\/2025\/08\/41TLINS8371.jpg\" \/>\n\t<meta property=\"og:image:width\" content=\"1930\" \/>\n\t<meta property=\"og:image:height\" content=\"2560\" \/>\n\t<meta property=\"og:image:type\" content=\"image\/jpeg\" \/>\n<meta name=\"twitter:card\" content=\"summary_large_image\" \/>\n<meta name=\"twitter:label1\" content=\"Estimated reading time\" \/>\n\t<meta name=\"twitter:data1\" content=\"1 minute\" \/>\n<script type=\"application\/ld+json\" class=\"yoast-schema-graph\">{\"@context\":\"https:\/\/schema.org\",\"@graph\":[{\"@type\":\"WebPage\",\"@id\":\"https:\/\/www.saooptica.pt\/produto\/insanity-8371\/\",\"url\":\"https:\/\/www.saooptica.pt\/produto\/insanity-8371\/\",\"name\":\"INSANITY - Brown - S\u00e3o \u00d3pticas\",\"isPartOf\":{\"@id\":\"https:\/\/www.saooptica.pt\/#website\"},\"primaryImageOfPage\":{\"@id\":\"https:\/\/www.saooptica.pt\/produto\/insanity-8371\/#primaryimage\"},\"image\":{\"@id\":\"https:\/\/www.saooptica.pt\/produto\/insanity-8371\/#primaryimage\"},\"thumbnailUrl\":\"https:\/\/www.saooptica.pt\/wp-content\/uploads\/2025\/08\/41TLINS8371.jpg\",\"datePublished\":\"2025-09-26T17:02:12+00:00\",\"dateModified\":\"2026-01-26T16:38:48+00:00\",\"description\":\"Os Thierry Lasry INSANITY oferecem um design retangular robusto e marcante, pensado para o homem moderno que deseja presen\u00e7a e sofistica\u00e7\u00e3o sem esfor\u00e7o.Produzidos artesanalmente na It\u00e1lia em acetato premium, garantem conforto, durabilidade e acabamento de alta qualidade. Suas lentes proporcionam prote\u00e7\u00e3o UV total, combinando funcionalidade e estilo.\",\"breadcrumb\":{\"@id\":\"https:\/\/www.saooptica.pt\/produto\/insanity-8371\/#breadcrumb\"},\"inLanguage\":\"en-GB\",\"potentialAction\":[{\"@type\":\"ReadAction\",\"target\":[\"https:\/\/www.saooptica.pt\/produto\/insanity-8371\/\"]}]},{\"@type\":\"ImageObject\",\"inLanguage\":\"en-GB\",\"@id\":\"https:\/\/www.saooptica.pt\/produto\/insanity-8371\/#primaryimage\",\"url\":\"https:\/\/www.saooptica.pt\/wp-content\/uploads\/2025\/08\/41TLINS8371.jpg\",\"contentUrl\":\"https:\/\/www.saooptica.pt\/wp-content\/uploads\/2025\/08\/41TLINS8371.jpg\",\"width\":1930,\"height\":2560},{\"@type\":\"BreadcrumbList\",\"@id\":\"https:\/\/www.saooptica.pt\/produto\/insanity-8371\/#breadcrumb\",\"itemListElement\":[{\"@type\":\"ListItem\",\"position\":1,\"name\":\"In\u00edcio\",\"item\":\"https:\/\/www.saooptica.pt\/\"},{\"@type\":\"ListItem\",\"position\":2,\"name\":\"Loja\",\"item\":\"https:\/\/www.saooptica.pt\/loja\/\"},{\"@type\":\"ListItem\",\"position\":3,\"name\":\"INSANITY &#8211; Brown\"}]},{\"@type\":\"WebSite\",\"@id\":\"https:\/\/www.saooptica.pt\/#website\",\"url\":\"https:\/\/www.saooptica.pt\/\",\"name\":\"S\u00e3o \u00d3pticas\",\"description\":\"A sua \u00f3ptica em Leiria\",\"publisher\":{\"@id\":\"https:\/\/www.saooptica.pt\/#organization\"},\"potentialAction\":[{\"@type\":\"SearchAction\",\"target\":{\"@type\":\"EntryPoint\",\"urlTemplate\":\"https:\/\/www.saooptica.pt\/?s={search_term_string}\"},\"query-input\":{\"@type\":\"PropertyValueSpecification\",\"valueRequired\":true,\"valueName\":\"search_term_string\"}}],\"inLanguage\":\"en-GB\"},{\"@type\":\"Organization\",\"@id\":\"https:\/\/www.saooptica.pt\/#organization\",\"name\":\"S\u00e3o \u00d3pticas\",\"url\":\"https:\/\/www.saooptica.pt\/\",\"logo\":{\"@type\":\"ImageObject\",\"inLanguage\":\"en-GB\",\"@id\":\"https:\/\/www.saooptica.pt\/#\/schema\/logo\/image\/\",\"url\":\"https:\/\/www.saooptica.pt\/wp-content\/uploads\/2023\/06\/sao-opticas-header-logo-preto@2x.png\",\"contentUrl\":\"https:\/\/www.saooptica.pt\/wp-content\/uploads\/2023\/06\/sao-opticas-header-logo-preto@2x.png\",\"width\":669,\"height\":93,\"caption\":\"S\u00e3o \u00d3pticas\"},\"image\":{\"@id\":\"https:\/\/www.saooptica.pt\/#\/schema\/logo\/image\/\"},\"sameAs\":[\"https:\/\/www.facebook.com\/saoopticas\/?locale=pt_PT\",\"https:\/\/www.instagram.com\/saoopticas\/\"]}]}<\/script>\n<!-- \/ Yoast SEO plugin. -->","yoast_head_json":{"title":"INSANITY - Brown - S\u00e3o \u00d3pticas","description":"Os Thierry Lasry INSANITY oferecem um design retangular robusto e marcante, pensado para o homem moderno que deseja presen\u00e7a e sofistica\u00e7\u00e3o sem esfor\u00e7o.Produzidos artesanalmente na It\u00e1lia em acetato premium, garantem conforto, durabilidade e acabamento de alta qualidade. Suas lentes proporcionam prote\u00e7\u00e3o UV total, combinando funcionalidade e estilo.","robots":{"index":"index","follow":"follow","max-snippet":"max-snippet:-1","max-image-preview":"max-image-preview:large","max-video-preview":"max-video-preview:-1"},"canonical":"https:\/\/www.saooptica.pt\/en\/product\/insanity-8371\/","og_locale":"en_GB","og_type":"article","og_title":"INSANITY - Brown - S\u00e3o \u00d3pticas","og_description":"Os Thierry Lasry INSANITY oferecem um design retangular robusto e marcante, pensado para o homem moderno que deseja presen\u00e7a e sofistica\u00e7\u00e3o sem esfor\u00e7o.Produzidos artesanalmente na It\u00e1lia em acetato premium, garantem conforto, durabilidade e acabamento de alta qualidade. Suas lentes proporcionam prote\u00e7\u00e3o UV total, combinando funcionalidade e estilo.","og_url":"https:\/\/www.saooptica.pt\/en\/product\/insanity-8371\/","og_site_name":"S\u00e3o \u00d3pticas","article_publisher":"https:\/\/www.facebook.com\/saoopticas\/?locale=pt_PT","article_modified_time":"2026-01-26T16:38:48+00:00","og_image":[{"width":1930,"height":2560,"url":"https:\/\/www.saooptica.pt\/wp-content\/uploads\/2025\/08\/41TLINS8371.jpg","type":"image\/jpeg"}],"twitter_card":"summary_large_image","twitter_misc":{"Estimated reading time":"1 minute"},"schema":{"@context":"https:\/\/schema.org","@graph":[{"@type":"WebPage","@id":"https:\/\/www.saooptica.pt\/produto\/insanity-8371\/","url":"https:\/\/www.saooptica.pt\/produto\/insanity-8371\/","name":"INSANITY - Brown - S\u00e3o \u00d3pticas","isPartOf":{"@id":"https:\/\/www.saooptica.pt\/#website"},"primaryImageOfPage":{"@id":"https:\/\/www.saooptica.pt\/produto\/insanity-8371\/#primaryimage"},"image":{"@id":"https:\/\/www.saooptica.pt\/produto\/insanity-8371\/#primaryimage"},"thumbnailUrl":"https:\/\/www.saooptica.pt\/wp-content\/uploads\/2025\/08\/41TLINS8371.jpg","datePublished":"2025-09-26T17:02:12+00:00","dateModified":"2026-01-26T16:38:48+00:00","description":"Os Thierry Lasry INSANITY oferecem um design retangular robusto e marcante, pensado para o homem moderno que deseja presen\u00e7a e sofistica\u00e7\u00e3o sem esfor\u00e7o.Produzidos artesanalmente na It\u00e1lia em acetato premium, garantem conforto, durabilidade e acabamento de alta qualidade. Suas lentes proporcionam prote\u00e7\u00e3o UV total, combinando funcionalidade e estilo.","breadcrumb":{"@id":"https:\/\/www.saooptica.pt\/produto\/insanity-8371\/#breadcrumb"},"inLanguage":"en-GB","potentialAction":[{"@type":"ReadAction","target":["https:\/\/www.saooptica.pt\/produto\/insanity-8371\/"]}]},{"@type":"ImageObject","inLanguage":"en-GB","@id":"https:\/\/www.saooptica.pt\/produto\/insanity-8371\/#primaryimage","url":"https:\/\/www.saooptica.pt\/wp-content\/uploads\/2025\/08\/41TLINS8371.jpg","contentUrl":"https:\/\/www.saooptica.pt\/wp-content\/uploads\/2025\/08\/41TLINS8371.jpg","width":1930,"height":2560},{"@type":"BreadcrumbList","@id":"https:\/\/www.saooptica.pt\/produto\/insanity-8371\/#breadcrumb","itemListElement":[{"@type":"ListItem","position":1,"name":"In\u00edcio","item":"https:\/\/www.saooptica.pt\/"},{"@type":"ListItem","position":2,"name":"Loja","item":"https:\/\/www.saooptica.pt\/loja\/"},{"@type":"ListItem","position":3,"name":"INSANITY &#8211; Brown"}]},{"@type":"WebSite","@id":"https:\/\/www.saooptica.pt\/#website","url":"https:\/\/www.saooptica.pt\/","name":"S\u00e3o \u00d3pticas","description":"A sua \u00f3ptica em Leiria","publisher":{"@id":"https:\/\/www.saooptica.pt\/#organization"},"potentialAction":[{"@type":"SearchAction","target":{"@type":"EntryPoint","urlTemplate":"https:\/\/www.saooptica.pt\/?s={search_term_string}"},"query-input":{"@type":"PropertyValueSpecification","valueRequired":true,"valueName":"search_term_string"}}],"inLanguage":"en-GB"},{"@type":"Organization","@id":"https:\/\/www.saooptica.pt\/#organization","name":"S\u00e3o \u00d3pticas","url":"https:\/\/www.saooptica.pt\/","logo":{"@type":"ImageObject","inLanguage":"en-GB","@id":"https:\/\/www.saooptica.pt\/#\/schema\/logo\/image\/","url":"https:\/\/www.saooptica.pt\/wp-content\/uploads\/2023\/06\/sao-opticas-header-logo-preto@2x.png","contentUrl":"https:\/\/www.saooptica.pt\/wp-content\/uploads\/2023\/06\/sao-opticas-header-logo-preto@2x.png","width":669,"height":93,"caption":"S\u00e3o \u00d3pticas"},"image":{"@id":"https:\/\/www.saooptica.pt\/#\/schema\/logo\/image\/"},"sameAs":["https:\/\/www.facebook.com\/saoopticas\/?locale=pt_PT","https:\/\/www.instagram.com\/saoopticas\/"]}]}},"_links":{"self":[{"href":"https:\/\/www.saooptica.pt\/en\/wp-json\/wp\/v2\/product\/3263","targetHints":{"allow":["GET"]}}],"collection":[{"href":"https:\/\/www.saooptica.pt\/en\/wp-json\/wp\/v2\/product"}],"about":[{"href":"https:\/\/www.saooptica.pt\/en\/wp-json\/wp\/v2\/types\/product"}],"version-history":[{"count":1,"href":"https:\/\/www.saooptica.pt\/en\/wp-json\/wp\/v2\/product\/3263\/revisions"}],"predecessor-version":[{"id":3264,"href":"https:\/\/www.saooptica.pt\/en\/wp-json\/wp\/v2\/product\/3263\/revisions\/3264"}],"wp:featuredmedia":[{"embeddable":true,"href":"https:\/\/www.saooptica.pt\/en\/wp-json\/wp\/v2\/media\/2495"}],"wp:attachment":[{"href":"https:\/\/www.saooptica.pt\/en\/wp-json\/wp\/v2\/media?parent=3263"}],"wp:term":[{"taxonomy":"product_brand","embeddable":true,"href":"https:\/\/www.saooptica.pt\/en\/wp-json\/wp\/v2\/product_brand?post=3263"},{"taxonomy":"product_cat","embeddable":true,"href":"https:\/\/www.saooptica.pt\/en\/wp-json\/wp\/v2\/product_cat?post=3263"},{"taxonomy":"product_tag","embeddable":true,"href":"https:\/\/www.saooptica.pt\/en\/wp-json\/wp\/v2\/product_tag?post=3263"}],"curies":[{"name":"wp","href":"https:\/\/api.w.org\/{rel}","templated":true}]}}