{"id":3242,"date":"2025-09-25T15:43:33","date_gmt":"2025-09-25T15:43:33","guid":{"rendered":"https:\/\/www.saooptica.pt\/?post_type=product&#038;p=3242"},"modified":"2025-09-25T15:47:42","modified_gmt":"2025-09-25T15:47:42","slug":"lemony-1476","status":"publish","type":"product","link":"https:\/\/www.saooptica.pt\/en\/product\/lemony-1476\/","title":{"rendered":"LEMONY &#8211; Brown"},"content":{"rendered":"<p data-start=\"201\" data-end=\"541\">O <strong data-start=\"203\" data-end=\"227\">Thierry Lasry LEMONY<\/strong> \u00e9 uma reinterpreta\u00e7\u00e3o moderna e sofisticada do ic\u00f4nico formato <strong data-start=\"291\" data-end=\"302\">cat-eye<\/strong>, pensado para mulheres que valorizam eleg\u00e2ncia atemporal com um toque contempor\u00e2neo. Seu design combina a feminilidade do cat-eye cl\u00e1ssico com a leveza das <strong data-start=\"459\" data-end=\"499\">hastes met\u00e1licas exclusivas da marca<\/strong>, criando um visual refinado e vers\u00e1til.<\/p>\n<p data-start=\"543\" data-end=\"787\">Produzido artesanalmente em It\u00e1lia a partir de <strong data-start=\"590\" data-end=\"609\">acetato premium<\/strong> e equipado com lentes de alta qualidade, o <strong data-start=\"653\" data-end=\"663\">LEMONY<\/strong> oferece conforto, durabilidade e prote\u00e7\u00e3o UV superior \u2014 um verdadeiro statement de sofistica\u00e7\u00e3o para um p\u00fablico exigente.<\/p>","protected":false},"excerpt":{"rendered":"<p>O Thierry Lasry LEMONY \u00e9 uma reinterpreta\u00e7\u00e3o moderna e sofisticada do ic\u00f4nico formato cat-eye, pensado para mulheres que valorizam eleg\u00e2ncia atemporal com um toque contempor\u00e2neo. Seu design combina a feminilidade do cat-eye cl\u00e1ssico com a leveza das hastes met\u00e1licas exclusivas da marca, criando um visual refinado e vers\u00e1til. Produzido artesanalmente em It\u00e1lia a partir de [&hellip;]<\/p>\n","protected":false},"featured_media":2475,"template":"","meta":{"inline_featured_image":false},"product_brand":[77],"product_cat":[82],"product_tag":[56],"class_list":{"0":"post-3242","1":"product","2":"type-product","3":"status-publish","4":"has-post-thumbnail","6":"product_brand-thierry-lasry","7":"product_cat-thierry-lasry","8":"product_tag-colecao-sol","10":"first","11":"instock","12":"sold-individually","13":"taxable","14":"shipping-taxable","15":"purchasable","16":"product-type-simple"},"yoast_head":"<!-- This site is optimized with the Yoast SEO plugin v27.1.1 - https:\/\/yoast.com\/product\/yoast-seo-wordpress\/ -->\n<title>LEMONY - Brown - S\u00e3o \u00d3pticas<\/title>\n<meta name=\"description\" content=\"O Thierry Lasry LEMONY \u00e9 uma reinterpreta\u00e7\u00e3o moderna e sofisticada do ic\u00f4nico formato cat-eye, pensado para mulheres que valorizam eleg\u00e2ncia atemporal com um toque contempor\u00e2neo. Seu design combina a feminilidade do cat-eye cl\u00e1ssico com a leveza das hastes met\u00e1licas exclusivas da marca, criando um visual refinado e vers\u00e1til.Produzido artesanalmente em It\u00e1lia a partir de acetato premium e equipado com lentes de alta qualidade, o LEMONY oferece conforto, durabilidade e prote\u00e7\u00e3o UV superior \u2014 um verdadeiro statement de sofistica\u00e7\u00e3o para um p\u00fablico exigente.\" \/>\n<meta name=\"robots\" content=\"index, follow, max-snippet:-1, max-image-preview:large, max-video-preview:-1\" \/>\n<link rel=\"canonical\" href=\"https:\/\/www.saooptica.pt\/en\/product\/lemony-1476\/\" \/>\n<meta property=\"og:locale\" content=\"en_GB\" \/>\n<meta property=\"og:type\" content=\"article\" \/>\n<meta property=\"og:title\" content=\"LEMONY - Brown - S\u00e3o \u00d3pticas\" \/>\n<meta property=\"og:description\" content=\"O Thierry Lasry LEMONY \u00e9 uma reinterpreta\u00e7\u00e3o moderna e sofisticada do ic\u00f4nico formato cat-eye, pensado para mulheres que valorizam eleg\u00e2ncia atemporal com um toque contempor\u00e2neo. Seu design combina a feminilidade do cat-eye cl\u00e1ssico com a leveza das hastes met\u00e1licas exclusivas da marca, criando um visual refinado e vers\u00e1til.Produzido artesanalmente em It\u00e1lia a partir de acetato premium e equipado com lentes de alta qualidade, o LEMONY oferece conforto, durabilidade e prote\u00e7\u00e3o UV superior \u2014 um verdadeiro statement de sofistica\u00e7\u00e3o para um p\u00fablico exigente.\" \/>\n<meta property=\"og:url\" content=\"https:\/\/www.saooptica.pt\/en\/product\/lemony-1476\/\" \/>\n<meta property=\"og:site_name\" content=\"S\u00e3o \u00d3pticas\" \/>\n<meta property=\"article:publisher\" content=\"https:\/\/www.facebook.com\/saoopticas\/?locale=pt_PT\" \/>\n<meta property=\"article:modified_time\" content=\"2025-09-25T15:47:42+00:00\" \/>\n<meta property=\"og:image\" content=\"https:\/\/www.saooptica.pt\/wp-content\/uploads\/2025\/08\/41LEMONY1476.jpg\" \/>\n\t<meta property=\"og:image:width\" content=\"1930\" \/>\n\t<meta property=\"og:image:height\" content=\"2560\" \/>\n\t<meta property=\"og:image:type\" content=\"image\/jpeg\" \/>\n<meta name=\"twitter:card\" content=\"summary_large_image\" \/>\n<meta name=\"twitter:label1\" content=\"Estimated reading time\" \/>\n\t<meta name=\"twitter:data1\" content=\"1 minute\" \/>\n<script type=\"application\/ld+json\" class=\"yoast-schema-graph\">{\"@context\":\"https:\/\/schema.org\",\"@graph\":[{\"@type\":\"WebPage\",\"@id\":\"https:\/\/www.saooptica.pt\/produto\/lemony-1476\/\",\"url\":\"https:\/\/www.saooptica.pt\/produto\/lemony-1476\/\",\"name\":\"LEMONY - Brown - S\u00e3o \u00d3pticas\",\"isPartOf\":{\"@id\":\"https:\/\/www.saooptica.pt\/#website\"},\"primaryImageOfPage\":{\"@id\":\"https:\/\/www.saooptica.pt\/produto\/lemony-1476\/#primaryimage\"},\"image\":{\"@id\":\"https:\/\/www.saooptica.pt\/produto\/lemony-1476\/#primaryimage\"},\"thumbnailUrl\":\"https:\/\/www.saooptica.pt\/wp-content\/uploads\/2025\/08\/41LEMONY1476.jpg\",\"datePublished\":\"2025-09-25T15:43:33+00:00\",\"dateModified\":\"2025-09-25T15:47:42+00:00\",\"description\":\"O Thierry Lasry LEMONY \u00e9 uma reinterpreta\u00e7\u00e3o moderna e sofisticada do ic\u00f4nico formato cat-eye, pensado para mulheres que valorizam eleg\u00e2ncia atemporal com um toque contempor\u00e2neo. Seu design combina a feminilidade do cat-eye cl\u00e1ssico com a leveza das hastes met\u00e1licas exclusivas da marca, criando um visual refinado e vers\u00e1til.Produzido artesanalmente em It\u00e1lia a partir de acetato premium e equipado com lentes de alta qualidade, o LEMONY oferece conforto, durabilidade e prote\u00e7\u00e3o UV superior \u2014 um verdadeiro statement de sofistica\u00e7\u00e3o para um p\u00fablico exigente.\",\"breadcrumb\":{\"@id\":\"https:\/\/www.saooptica.pt\/produto\/lemony-1476\/#breadcrumb\"},\"inLanguage\":\"en-GB\",\"potentialAction\":[{\"@type\":\"ReadAction\",\"target\":[\"https:\/\/www.saooptica.pt\/produto\/lemony-1476\/\"]}]},{\"@type\":\"ImageObject\",\"inLanguage\":\"en-GB\",\"@id\":\"https:\/\/www.saooptica.pt\/produto\/lemony-1476\/#primaryimage\",\"url\":\"https:\/\/www.saooptica.pt\/wp-content\/uploads\/2025\/08\/41LEMONY1476.jpg\",\"contentUrl\":\"https:\/\/www.saooptica.pt\/wp-content\/uploads\/2025\/08\/41LEMONY1476.jpg\",\"width\":1930,\"height\":2560},{\"@type\":\"BreadcrumbList\",\"@id\":\"https:\/\/www.saooptica.pt\/produto\/lemony-1476\/#breadcrumb\",\"itemListElement\":[{\"@type\":\"ListItem\",\"position\":1,\"name\":\"In\u00edcio\",\"item\":\"https:\/\/www.saooptica.pt\/\"},{\"@type\":\"ListItem\",\"position\":2,\"name\":\"Loja\",\"item\":\"https:\/\/www.saooptica.pt\/loja\/\"},{\"@type\":\"ListItem\",\"position\":3,\"name\":\"LEMONY &#8211; Brown\"}]},{\"@type\":\"WebSite\",\"@id\":\"https:\/\/www.saooptica.pt\/#website\",\"url\":\"https:\/\/www.saooptica.pt\/\",\"name\":\"S\u00e3o \u00d3pticas\",\"description\":\"A sua \u00f3ptica em Leiria\",\"publisher\":{\"@id\":\"https:\/\/www.saooptica.pt\/#organization\"},\"potentialAction\":[{\"@type\":\"SearchAction\",\"target\":{\"@type\":\"EntryPoint\",\"urlTemplate\":\"https:\/\/www.saooptica.pt\/?s={search_term_string}\"},\"query-input\":{\"@type\":\"PropertyValueSpecification\",\"valueRequired\":true,\"valueName\":\"search_term_string\"}}],\"inLanguage\":\"en-GB\"},{\"@type\":\"Organization\",\"@id\":\"https:\/\/www.saooptica.pt\/#organization\",\"name\":\"S\u00e3o \u00d3pticas\",\"url\":\"https:\/\/www.saooptica.pt\/\",\"logo\":{\"@type\":\"ImageObject\",\"inLanguage\":\"en-GB\",\"@id\":\"https:\/\/www.saooptica.pt\/#\/schema\/logo\/image\/\",\"url\":\"https:\/\/www.saooptica.pt\/wp-content\/uploads\/2023\/06\/sao-opticas-header-logo-preto@2x.png\",\"contentUrl\":\"https:\/\/www.saooptica.pt\/wp-content\/uploads\/2023\/06\/sao-opticas-header-logo-preto@2x.png\",\"width\":669,\"height\":93,\"caption\":\"S\u00e3o \u00d3pticas\"},\"image\":{\"@id\":\"https:\/\/www.saooptica.pt\/#\/schema\/logo\/image\/\"},\"sameAs\":[\"https:\/\/www.facebook.com\/saoopticas\/?locale=pt_PT\",\"https:\/\/www.instagram.com\/saoopticas\/\"]}]}<\/script>\n<!-- \/ Yoast SEO plugin. -->","yoast_head_json":{"title":"LEMONY - Brown - S\u00e3o \u00d3pticas","description":"O Thierry Lasry LEMONY \u00e9 uma reinterpreta\u00e7\u00e3o moderna e sofisticada do ic\u00f4nico formato cat-eye, pensado para mulheres que valorizam eleg\u00e2ncia atemporal com um toque contempor\u00e2neo. Seu design combina a feminilidade do cat-eye cl\u00e1ssico com a leveza das hastes met\u00e1licas exclusivas da marca, criando um visual refinado e vers\u00e1til.Produzido artesanalmente em It\u00e1lia a partir de acetato premium e equipado com lentes de alta qualidade, o LEMONY oferece conforto, durabilidade e prote\u00e7\u00e3o UV superior \u2014 um verdadeiro statement de sofistica\u00e7\u00e3o para um p\u00fablico exigente.","robots":{"index":"index","follow":"follow","max-snippet":"max-snippet:-1","max-image-preview":"max-image-preview:large","max-video-preview":"max-video-preview:-1"},"canonical":"https:\/\/www.saooptica.pt\/en\/product\/lemony-1476\/","og_locale":"en_GB","og_type":"article","og_title":"LEMONY - Brown - S\u00e3o \u00d3pticas","og_description":"O Thierry Lasry LEMONY \u00e9 uma reinterpreta\u00e7\u00e3o moderna e sofisticada do ic\u00f4nico formato cat-eye, pensado para mulheres que valorizam eleg\u00e2ncia atemporal com um toque contempor\u00e2neo. Seu design combina a feminilidade do cat-eye cl\u00e1ssico com a leveza das hastes met\u00e1licas exclusivas da marca, criando um visual refinado e vers\u00e1til.Produzido artesanalmente em It\u00e1lia a partir de acetato premium e equipado com lentes de alta qualidade, o LEMONY oferece conforto, durabilidade e prote\u00e7\u00e3o UV superior \u2014 um verdadeiro statement de sofistica\u00e7\u00e3o para um p\u00fablico exigente.","og_url":"https:\/\/www.saooptica.pt\/en\/product\/lemony-1476\/","og_site_name":"S\u00e3o \u00d3pticas","article_publisher":"https:\/\/www.facebook.com\/saoopticas\/?locale=pt_PT","article_modified_time":"2025-09-25T15:47:42+00:00","og_image":[{"width":1930,"height":2560,"url":"https:\/\/www.saooptica.pt\/wp-content\/uploads\/2025\/08\/41LEMONY1476.jpg","type":"image\/jpeg"}],"twitter_card":"summary_large_image","twitter_misc":{"Estimated reading time":"1 minute"},"schema":{"@context":"https:\/\/schema.org","@graph":[{"@type":"WebPage","@id":"https:\/\/www.saooptica.pt\/produto\/lemony-1476\/","url":"https:\/\/www.saooptica.pt\/produto\/lemony-1476\/","name":"LEMONY - Brown - S\u00e3o \u00d3pticas","isPartOf":{"@id":"https:\/\/www.saooptica.pt\/#website"},"primaryImageOfPage":{"@id":"https:\/\/www.saooptica.pt\/produto\/lemony-1476\/#primaryimage"},"image":{"@id":"https:\/\/www.saooptica.pt\/produto\/lemony-1476\/#primaryimage"},"thumbnailUrl":"https:\/\/www.saooptica.pt\/wp-content\/uploads\/2025\/08\/41LEMONY1476.jpg","datePublished":"2025-09-25T15:43:33+00:00","dateModified":"2025-09-25T15:47:42+00:00","description":"O Thierry Lasry LEMONY \u00e9 uma reinterpreta\u00e7\u00e3o moderna e sofisticada do ic\u00f4nico formato cat-eye, pensado para mulheres que valorizam eleg\u00e2ncia atemporal com um toque contempor\u00e2neo. Seu design combina a feminilidade do cat-eye cl\u00e1ssico com a leveza das hastes met\u00e1licas exclusivas da marca, criando um visual refinado e vers\u00e1til.Produzido artesanalmente em It\u00e1lia a partir de acetato premium e equipado com lentes de alta qualidade, o LEMONY oferece conforto, durabilidade e prote\u00e7\u00e3o UV superior \u2014 um verdadeiro statement de sofistica\u00e7\u00e3o para um p\u00fablico exigente.","breadcrumb":{"@id":"https:\/\/www.saooptica.pt\/produto\/lemony-1476\/#breadcrumb"},"inLanguage":"en-GB","potentialAction":[{"@type":"ReadAction","target":["https:\/\/www.saooptica.pt\/produto\/lemony-1476\/"]}]},{"@type":"ImageObject","inLanguage":"en-GB","@id":"https:\/\/www.saooptica.pt\/produto\/lemony-1476\/#primaryimage","url":"https:\/\/www.saooptica.pt\/wp-content\/uploads\/2025\/08\/41LEMONY1476.jpg","contentUrl":"https:\/\/www.saooptica.pt\/wp-content\/uploads\/2025\/08\/41LEMONY1476.jpg","width":1930,"height":2560},{"@type":"BreadcrumbList","@id":"https:\/\/www.saooptica.pt\/produto\/lemony-1476\/#breadcrumb","itemListElement":[{"@type":"ListItem","position":1,"name":"In\u00edcio","item":"https:\/\/www.saooptica.pt\/"},{"@type":"ListItem","position":2,"name":"Loja","item":"https:\/\/www.saooptica.pt\/loja\/"},{"@type":"ListItem","position":3,"name":"LEMONY &#8211; Brown"}]},{"@type":"WebSite","@id":"https:\/\/www.saooptica.pt\/#website","url":"https:\/\/www.saooptica.pt\/","name":"S\u00e3o \u00d3pticas","description":"A sua \u00f3ptica em Leiria","publisher":{"@id":"https:\/\/www.saooptica.pt\/#organization"},"potentialAction":[{"@type":"SearchAction","target":{"@type":"EntryPoint","urlTemplate":"https:\/\/www.saooptica.pt\/?s={search_term_string}"},"query-input":{"@type":"PropertyValueSpecification","valueRequired":true,"valueName":"search_term_string"}}],"inLanguage":"en-GB"},{"@type":"Organization","@id":"https:\/\/www.saooptica.pt\/#organization","name":"S\u00e3o \u00d3pticas","url":"https:\/\/www.saooptica.pt\/","logo":{"@type":"ImageObject","inLanguage":"en-GB","@id":"https:\/\/www.saooptica.pt\/#\/schema\/logo\/image\/","url":"https:\/\/www.saooptica.pt\/wp-content\/uploads\/2023\/06\/sao-opticas-header-logo-preto@2x.png","contentUrl":"https:\/\/www.saooptica.pt\/wp-content\/uploads\/2023\/06\/sao-opticas-header-logo-preto@2x.png","width":669,"height":93,"caption":"S\u00e3o \u00d3pticas"},"image":{"@id":"https:\/\/www.saooptica.pt\/#\/schema\/logo\/image\/"},"sameAs":["https:\/\/www.facebook.com\/saoopticas\/?locale=pt_PT","https:\/\/www.instagram.com\/saoopticas\/"]}]}},"_links":{"self":[{"href":"https:\/\/www.saooptica.pt\/en\/wp-json\/wp\/v2\/product\/3242","targetHints":{"allow":["GET"]}}],"collection":[{"href":"https:\/\/www.saooptica.pt\/en\/wp-json\/wp\/v2\/product"}],"about":[{"href":"https:\/\/www.saooptica.pt\/en\/wp-json\/wp\/v2\/types\/product"}],"version-history":[{"count":1,"href":"https:\/\/www.saooptica.pt\/en\/wp-json\/wp\/v2\/product\/3242\/revisions"}],"predecessor-version":[{"id":3244,"href":"https:\/\/www.saooptica.pt\/en\/wp-json\/wp\/v2\/product\/3242\/revisions\/3244"}],"wp:featuredmedia":[{"embeddable":true,"href":"https:\/\/www.saooptica.pt\/en\/wp-json\/wp\/v2\/media\/2475"}],"wp:attachment":[{"href":"https:\/\/www.saooptica.pt\/en\/wp-json\/wp\/v2\/media?parent=3242"}],"wp:term":[{"taxonomy":"product_brand","embeddable":true,"href":"https:\/\/www.saooptica.pt\/en\/wp-json\/wp\/v2\/product_brand?post=3242"},{"taxonomy":"product_cat","embeddable":true,"href":"https:\/\/www.saooptica.pt\/en\/wp-json\/wp\/v2\/product_cat?post=3242"},{"taxonomy":"product_tag","embeddable":true,"href":"https:\/\/www.saooptica.pt\/en\/wp-json\/wp\/v2\/product_tag?post=3242"}],"curies":[{"name":"wp","href":"https:\/\/api.w.org\/{rel}","templated":true}]}}