{"id":3194,"date":"2025-09-20T16:46:33","date_gmt":"2025-09-20T16:46:33","guid":{"rendered":"https:\/\/www.saooptica.pt\/?post_type=product&#038;p=3194"},"modified":"2025-09-20T16:48:47","modified_gmt":"2025-09-20T16:48:47","slug":"apex-04-light-gun","status":"publish","type":"product","link":"https:\/\/www.saooptica.pt\/en\/product\/apex-04-light-gun\/","title":{"rendered":"APEX 04 &#8211; Light Gun"},"content":{"rendered":"<p data-start=\"215\" data-end=\"662\">Os <strong data-start=\"227\" data-end=\"246\">Movitra Apex 04<\/strong> destacam-se pela <strong data-start=\"264\" data-end=\"331\">fus\u00e3o de design contempor\u00e2neo e engenharia italiana de precis\u00e3o<\/strong>. Com arma\u00e7\u00e3o em tit\u00e2nio de processamento tridimensional e frontal com mecanismo rotativo <strong data-start=\"421\" data-end=\"441\">MOTUS patenteado<\/strong>, este modelo protege as lentes de forma intuitiva e segura. Hastes bipartidas em tit\u00e2nio e plaquetas nasais intercambi\u00e1veis proporcionam conforto superior, enquanto os detalhes met\u00e1licos e acabamentos artesanais evidenciam a exclusividade da pe\u00e7a.<\/p>","protected":false},"excerpt":{"rendered":"<p>Os Movitra Apex 04 destacam-se pela fus\u00e3o de design contempor\u00e2neo e engenharia italiana de precis\u00e3o. Com arma\u00e7\u00e3o em tit\u00e2nio de processamento tridimensional e frontal com mecanismo rotativo MOTUS patenteado, este modelo protege as lentes de forma intuitiva e segura. Hastes bipartidas em tit\u00e2nio e plaquetas nasais intercambi\u00e1veis proporcionam conforto superior, enquanto os detalhes met\u00e1licos e [&hellip;]<\/p>\n","protected":false},"featured_media":2525,"template":"","meta":{"inline_featured_image":false},"product_brand":[76],"product_cat":[81],"product_tag":[56],"class_list":{"0":"post-3194","1":"product","2":"type-product","3":"status-publish","4":"has-post-thumbnail","6":"product_brand-movitra","7":"product_cat-movitra","8":"product_tag-colecao-sol","10":"first","11":"instock","12":"sold-individually","13":"taxable","14":"shipping-taxable","15":"purchasable","16":"product-type-simple"},"yoast_head":"<!-- This site is optimized with the Yoast SEO plugin v27.1.1 - https:\/\/yoast.com\/product\/yoast-seo-wordpress\/ -->\n<title>APEX 04 - Light Gun - S\u00e3o \u00d3pticas<\/title>\n<meta name=\"description\" content=\"Os Movitra Apex 04 destacam-se pela fus\u00e3o de design contempor\u00e2neo e engenharia italiana de precis\u00e3o. Com arma\u00e7\u00e3o em tit\u00e2nio de processamento tridimensional e frontal com mecanismo rotativo MOTUS patenteado, este modelo protege as lentes de forma intuitiva e segura. Hastes bipartidas em tit\u00e2nio e plaquetas nasais intercambi\u00e1veis proporcionam conforto superior, enquanto os detalhes met\u00e1licos e acabamentos artesanais evidenciam a exclusividade da pe\u00e7a.\" \/>\n<meta name=\"robots\" content=\"index, follow, max-snippet:-1, max-image-preview:large, max-video-preview:-1\" \/>\n<link rel=\"canonical\" href=\"https:\/\/www.saooptica.pt\/en\/product\/apex-04-light-gun\/\" \/>\n<meta property=\"og:locale\" content=\"en_GB\" \/>\n<meta property=\"og:type\" content=\"article\" \/>\n<meta property=\"og:title\" content=\"APEX 04 - Light Gun - S\u00e3o \u00d3pticas\" \/>\n<meta property=\"og:description\" content=\"Os Movitra Apex 04 destacam-se pela fus\u00e3o de design contempor\u00e2neo e engenharia italiana de precis\u00e3o. Com arma\u00e7\u00e3o em tit\u00e2nio de processamento tridimensional e frontal com mecanismo rotativo MOTUS patenteado, este modelo protege as lentes de forma intuitiva e segura. Hastes bipartidas em tit\u00e2nio e plaquetas nasais intercambi\u00e1veis proporcionam conforto superior, enquanto os detalhes met\u00e1licos e acabamentos artesanais evidenciam a exclusividade da pe\u00e7a.\" \/>\n<meta property=\"og:url\" content=\"https:\/\/www.saooptica.pt\/en\/product\/apex-04-light-gun\/\" \/>\n<meta property=\"og:site_name\" content=\"S\u00e3o \u00d3pticas\" \/>\n<meta property=\"article:publisher\" content=\"https:\/\/www.facebook.com\/saoopticas\/?locale=pt_PT\" \/>\n<meta property=\"article:modified_time\" content=\"2025-09-20T16:48:47+00:00\" \/>\n<meta property=\"og:image\" content=\"https:\/\/www.saooptica.pt\/wp-content\/uploads\/2025\/08\/70APEX04C3LG_C2_01.png\" \/>\n\t<meta property=\"og:image:width\" content=\"1930\" \/>\n\t<meta property=\"og:image:height\" content=\"2560\" \/>\n\t<meta property=\"og:image:type\" content=\"image\/png\" \/>\n<meta name=\"twitter:card\" content=\"summary_large_image\" \/>\n<meta name=\"twitter:label1\" content=\"Estimated reading time\" \/>\n\t<meta name=\"twitter:data1\" content=\"1 minute\" \/>\n<script type=\"application\/ld+json\" class=\"yoast-schema-graph\">{\"@context\":\"https:\/\/schema.org\",\"@graph\":[{\"@type\":\"WebPage\",\"@id\":\"https:\/\/www.saooptica.pt\/produto\/apex-04-light-gun\/\",\"url\":\"https:\/\/www.saooptica.pt\/produto\/apex-04-light-gun\/\",\"name\":\"APEX 04 - Light Gun - S\u00e3o \u00d3pticas\",\"isPartOf\":{\"@id\":\"https:\/\/www.saooptica.pt\/#website\"},\"primaryImageOfPage\":{\"@id\":\"https:\/\/www.saooptica.pt\/produto\/apex-04-light-gun\/#primaryimage\"},\"image\":{\"@id\":\"https:\/\/www.saooptica.pt\/produto\/apex-04-light-gun\/#primaryimage\"},\"thumbnailUrl\":\"https:\/\/www.saooptica.pt\/wp-content\/uploads\/2025\/08\/70APEX04C3LG_C2_01.png\",\"datePublished\":\"2025-09-20T16:46:33+00:00\",\"dateModified\":\"2025-09-20T16:48:47+00:00\",\"description\":\"Os Movitra Apex 04 destacam-se pela fus\u00e3o de design contempor\u00e2neo e engenharia italiana de precis\u00e3o. Com arma\u00e7\u00e3o em tit\u00e2nio de processamento tridimensional e frontal com mecanismo rotativo MOTUS patenteado, este modelo protege as lentes de forma intuitiva e segura. Hastes bipartidas em tit\u00e2nio e plaquetas nasais intercambi\u00e1veis proporcionam conforto superior, enquanto os detalhes met\u00e1licos e acabamentos artesanais evidenciam a exclusividade da pe\u00e7a.\",\"breadcrumb\":{\"@id\":\"https:\/\/www.saooptica.pt\/produto\/apex-04-light-gun\/#breadcrumb\"},\"inLanguage\":\"en-GB\",\"potentialAction\":[{\"@type\":\"ReadAction\",\"target\":[\"https:\/\/www.saooptica.pt\/produto\/apex-04-light-gun\/\"]}]},{\"@type\":\"ImageObject\",\"inLanguage\":\"en-GB\",\"@id\":\"https:\/\/www.saooptica.pt\/produto\/apex-04-light-gun\/#primaryimage\",\"url\":\"https:\/\/www.saooptica.pt\/wp-content\/uploads\/2025\/08\/70APEX04C3LG_C2_01.png\",\"contentUrl\":\"https:\/\/www.saooptica.pt\/wp-content\/uploads\/2025\/08\/70APEX04C3LG_C2_01.png\",\"width\":1930,\"height\":2560},{\"@type\":\"BreadcrumbList\",\"@id\":\"https:\/\/www.saooptica.pt\/produto\/apex-04-light-gun\/#breadcrumb\",\"itemListElement\":[{\"@type\":\"ListItem\",\"position\":1,\"name\":\"In\u00edcio\",\"item\":\"https:\/\/www.saooptica.pt\/\"},{\"@type\":\"ListItem\",\"position\":2,\"name\":\"Loja\",\"item\":\"https:\/\/www.saooptica.pt\/loja\/\"},{\"@type\":\"ListItem\",\"position\":3,\"name\":\"APEX 04 &#8211; Light Gun\"}]},{\"@type\":\"WebSite\",\"@id\":\"https:\/\/www.saooptica.pt\/#website\",\"url\":\"https:\/\/www.saooptica.pt\/\",\"name\":\"S\u00e3o \u00d3pticas\",\"description\":\"A sua \u00f3ptica em Leiria\",\"publisher\":{\"@id\":\"https:\/\/www.saooptica.pt\/#organization\"},\"potentialAction\":[{\"@type\":\"SearchAction\",\"target\":{\"@type\":\"EntryPoint\",\"urlTemplate\":\"https:\/\/www.saooptica.pt\/?s={search_term_string}\"},\"query-input\":{\"@type\":\"PropertyValueSpecification\",\"valueRequired\":true,\"valueName\":\"search_term_string\"}}],\"inLanguage\":\"en-GB\"},{\"@type\":\"Organization\",\"@id\":\"https:\/\/www.saooptica.pt\/#organization\",\"name\":\"S\u00e3o \u00d3pticas\",\"url\":\"https:\/\/www.saooptica.pt\/\",\"logo\":{\"@type\":\"ImageObject\",\"inLanguage\":\"en-GB\",\"@id\":\"https:\/\/www.saooptica.pt\/#\/schema\/logo\/image\/\",\"url\":\"https:\/\/www.saooptica.pt\/wp-content\/uploads\/2023\/06\/sao-opticas-header-logo-preto@2x.png\",\"contentUrl\":\"https:\/\/www.saooptica.pt\/wp-content\/uploads\/2023\/06\/sao-opticas-header-logo-preto@2x.png\",\"width\":669,\"height\":93,\"caption\":\"S\u00e3o \u00d3pticas\"},\"image\":{\"@id\":\"https:\/\/www.saooptica.pt\/#\/schema\/logo\/image\/\"},\"sameAs\":[\"https:\/\/www.facebook.com\/saoopticas\/?locale=pt_PT\",\"https:\/\/www.instagram.com\/saoopticas\/\"]}]}<\/script>\n<!-- \/ Yoast SEO plugin. -->","yoast_head_json":{"title":"APEX 04 - Light Gun - S\u00e3o \u00d3pticas","description":"Os Movitra Apex 04 destacam-se pela fus\u00e3o de design contempor\u00e2neo e engenharia italiana de precis\u00e3o. Com arma\u00e7\u00e3o em tit\u00e2nio de processamento tridimensional e frontal com mecanismo rotativo MOTUS patenteado, este modelo protege as lentes de forma intuitiva e segura. Hastes bipartidas em tit\u00e2nio e plaquetas nasais intercambi\u00e1veis proporcionam conforto superior, enquanto os detalhes met\u00e1licos e acabamentos artesanais evidenciam a exclusividade da pe\u00e7a.","robots":{"index":"index","follow":"follow","max-snippet":"max-snippet:-1","max-image-preview":"max-image-preview:large","max-video-preview":"max-video-preview:-1"},"canonical":"https:\/\/www.saooptica.pt\/en\/product\/apex-04-light-gun\/","og_locale":"en_GB","og_type":"article","og_title":"APEX 04 - Light Gun - S\u00e3o \u00d3pticas","og_description":"Os Movitra Apex 04 destacam-se pela fus\u00e3o de design contempor\u00e2neo e engenharia italiana de precis\u00e3o. Com arma\u00e7\u00e3o em tit\u00e2nio de processamento tridimensional e frontal com mecanismo rotativo MOTUS patenteado, este modelo protege as lentes de forma intuitiva e segura. Hastes bipartidas em tit\u00e2nio e plaquetas nasais intercambi\u00e1veis proporcionam conforto superior, enquanto os detalhes met\u00e1licos e acabamentos artesanais evidenciam a exclusividade da pe\u00e7a.","og_url":"https:\/\/www.saooptica.pt\/en\/product\/apex-04-light-gun\/","og_site_name":"S\u00e3o \u00d3pticas","article_publisher":"https:\/\/www.facebook.com\/saoopticas\/?locale=pt_PT","article_modified_time":"2025-09-20T16:48:47+00:00","og_image":[{"width":1930,"height":2560,"url":"https:\/\/www.saooptica.pt\/wp-content\/uploads\/2025\/08\/70APEX04C3LG_C2_01.png","type":"image\/png"}],"twitter_card":"summary_large_image","twitter_misc":{"Estimated reading time":"1 minute"},"schema":{"@context":"https:\/\/schema.org","@graph":[{"@type":"WebPage","@id":"https:\/\/www.saooptica.pt\/produto\/apex-04-light-gun\/","url":"https:\/\/www.saooptica.pt\/produto\/apex-04-light-gun\/","name":"APEX 04 - Light Gun - S\u00e3o \u00d3pticas","isPartOf":{"@id":"https:\/\/www.saooptica.pt\/#website"},"primaryImageOfPage":{"@id":"https:\/\/www.saooptica.pt\/produto\/apex-04-light-gun\/#primaryimage"},"image":{"@id":"https:\/\/www.saooptica.pt\/produto\/apex-04-light-gun\/#primaryimage"},"thumbnailUrl":"https:\/\/www.saooptica.pt\/wp-content\/uploads\/2025\/08\/70APEX04C3LG_C2_01.png","datePublished":"2025-09-20T16:46:33+00:00","dateModified":"2025-09-20T16:48:47+00:00","description":"Os Movitra Apex 04 destacam-se pela fus\u00e3o de design contempor\u00e2neo e engenharia italiana de precis\u00e3o. Com arma\u00e7\u00e3o em tit\u00e2nio de processamento tridimensional e frontal com mecanismo rotativo MOTUS patenteado, este modelo protege as lentes de forma intuitiva e segura. Hastes bipartidas em tit\u00e2nio e plaquetas nasais intercambi\u00e1veis proporcionam conforto superior, enquanto os detalhes met\u00e1licos e acabamentos artesanais evidenciam a exclusividade da pe\u00e7a.","breadcrumb":{"@id":"https:\/\/www.saooptica.pt\/produto\/apex-04-light-gun\/#breadcrumb"},"inLanguage":"en-GB","potentialAction":[{"@type":"ReadAction","target":["https:\/\/www.saooptica.pt\/produto\/apex-04-light-gun\/"]}]},{"@type":"ImageObject","inLanguage":"en-GB","@id":"https:\/\/www.saooptica.pt\/produto\/apex-04-light-gun\/#primaryimage","url":"https:\/\/www.saooptica.pt\/wp-content\/uploads\/2025\/08\/70APEX04C3LG_C2_01.png","contentUrl":"https:\/\/www.saooptica.pt\/wp-content\/uploads\/2025\/08\/70APEX04C3LG_C2_01.png","width":1930,"height":2560},{"@type":"BreadcrumbList","@id":"https:\/\/www.saooptica.pt\/produto\/apex-04-light-gun\/#breadcrumb","itemListElement":[{"@type":"ListItem","position":1,"name":"In\u00edcio","item":"https:\/\/www.saooptica.pt\/"},{"@type":"ListItem","position":2,"name":"Loja","item":"https:\/\/www.saooptica.pt\/loja\/"},{"@type":"ListItem","position":3,"name":"APEX 04 &#8211; Light Gun"}]},{"@type":"WebSite","@id":"https:\/\/www.saooptica.pt\/#website","url":"https:\/\/www.saooptica.pt\/","name":"S\u00e3o \u00d3pticas","description":"A sua \u00f3ptica em Leiria","publisher":{"@id":"https:\/\/www.saooptica.pt\/#organization"},"potentialAction":[{"@type":"SearchAction","target":{"@type":"EntryPoint","urlTemplate":"https:\/\/www.saooptica.pt\/?s={search_term_string}"},"query-input":{"@type":"PropertyValueSpecification","valueRequired":true,"valueName":"search_term_string"}}],"inLanguage":"en-GB"},{"@type":"Organization","@id":"https:\/\/www.saooptica.pt\/#organization","name":"S\u00e3o \u00d3pticas","url":"https:\/\/www.saooptica.pt\/","logo":{"@type":"ImageObject","inLanguage":"en-GB","@id":"https:\/\/www.saooptica.pt\/#\/schema\/logo\/image\/","url":"https:\/\/www.saooptica.pt\/wp-content\/uploads\/2023\/06\/sao-opticas-header-logo-preto@2x.png","contentUrl":"https:\/\/www.saooptica.pt\/wp-content\/uploads\/2023\/06\/sao-opticas-header-logo-preto@2x.png","width":669,"height":93,"caption":"S\u00e3o \u00d3pticas"},"image":{"@id":"https:\/\/www.saooptica.pt\/#\/schema\/logo\/image\/"},"sameAs":["https:\/\/www.facebook.com\/saoopticas\/?locale=pt_PT","https:\/\/www.instagram.com\/saoopticas\/"]}]}},"_links":{"self":[{"href":"https:\/\/www.saooptica.pt\/en\/wp-json\/wp\/v2\/product\/3194","targetHints":{"allow":["GET"]}}],"collection":[{"href":"https:\/\/www.saooptica.pt\/en\/wp-json\/wp\/v2\/product"}],"about":[{"href":"https:\/\/www.saooptica.pt\/en\/wp-json\/wp\/v2\/types\/product"}],"version-history":[{"count":1,"href":"https:\/\/www.saooptica.pt\/en\/wp-json\/wp\/v2\/product\/3194\/revisions"}],"predecessor-version":[{"id":3195,"href":"https:\/\/www.saooptica.pt\/en\/wp-json\/wp\/v2\/product\/3194\/revisions\/3195"}],"wp:featuredmedia":[{"embeddable":true,"href":"https:\/\/www.saooptica.pt\/en\/wp-json\/wp\/v2\/media\/2525"}],"wp:attachment":[{"href":"https:\/\/www.saooptica.pt\/en\/wp-json\/wp\/v2\/media?parent=3194"}],"wp:term":[{"taxonomy":"product_brand","embeddable":true,"href":"https:\/\/www.saooptica.pt\/en\/wp-json\/wp\/v2\/product_brand?post=3194"},{"taxonomy":"product_cat","embeddable":true,"href":"https:\/\/www.saooptica.pt\/en\/wp-json\/wp\/v2\/product_cat?post=3194"},{"taxonomy":"product_tag","embeddable":true,"href":"https:\/\/www.saooptica.pt\/en\/wp-json\/wp\/v2\/product_tag?post=3194"}],"curies":[{"name":"wp","href":"https:\/\/api.w.org\/{rel}","templated":true}]}}