{"id":3189,"date":"2025-09-20T16:38:40","date_gmt":"2025-09-20T16:38:40","guid":{"rendered":"https:\/\/www.saooptica.pt\/?post_type=product&#038;p=3189"},"modified":"2025-09-20T16:40:02","modified_gmt":"2025-09-20T16:40:02","slug":"ac-04-grey","status":"publish","type":"product","link":"https:\/\/www.saooptica.pt\/en\/product\/ac-04-grey\/","title":{"rendered":"AC 04 &#8211; Grey"},"content":{"rendered":"<p data-start=\"215\" data-end=\"662\">Os <strong data-start=\"224\" data-end=\"241\">Movitra AC 04<\/strong> s\u00e3o a express\u00e3o m\u00e1xima da inova\u00e7\u00e3o italiana em eyewear. Com frontal em acetato Mazzucchelli 1849\u00ae maquinado em CNC e refor\u00e7o em tit\u00e2nio na parte traseira, este modelo alia <strong data-start=\"414\" data-end=\"476\">eleg\u00e2ncia contempor\u00e2nea, robustez e engenharia de precis\u00e3o<\/strong>. O mecanismo rotativo patenteado <strong data-start=\"510\" data-end=\"519\">MOTUS<\/strong> protege totalmente as lentes, prolongando a sua durabilidade e refor\u00e7ando a exclusividade da pe\u00e7a.<\/p>","protected":false},"excerpt":{"rendered":"<p>Os Movitra AC 04 s\u00e3o a express\u00e3o m\u00e1xima da inova\u00e7\u00e3o italiana em eyewear. Com frontal em acetato Mazzucchelli 1849\u00ae maquinado em CNC e refor\u00e7o em tit\u00e2nio na parte traseira, este modelo alia eleg\u00e2ncia contempor\u00e2nea, robustez e engenharia de precis\u00e3o. O mecanismo rotativo patenteado MOTUS protege totalmente as lentes, prolongando a sua durabilidade e refor\u00e7ando a [&hellip;]<\/p>\n","protected":false},"featured_media":2519,"template":"","meta":{"inline_featured_image":false},"product_brand":[76],"product_cat":[81],"product_tag":[56],"class_list":{"0":"post-3189","1":"product","2":"type-product","3":"status-publish","4":"has-post-thumbnail","6":"product_brand-movitra","7":"product_cat-movitra","8":"product_tag-colecao-sol","10":"first","11":"instock","12":"sold-individually","13":"taxable","14":"shipping-taxable","15":"purchasable","16":"product-type-simple"},"yoast_head":"<!-- This site is optimized with the Yoast SEO plugin v27.1.1 - https:\/\/yoast.com\/product\/yoast-seo-wordpress\/ -->\n<title>AC 04 - Grey - S\u00e3o \u00d3pticas<\/title>\n<meta name=\"description\" content=\"Os Movitra AC 04 s\u00e3o a express\u00e3o m\u00e1xima da inova\u00e7\u00e3o italiana em eyewear. Com frontal em acetato Mazzucchelli 1849\u00ae maquinado em CNC e refor\u00e7o em tit\u00e2nio na parte traseira, este modelo alia eleg\u00e2ncia contempor\u00e2nea, robustez e engenharia de precis\u00e3o. O mecanismo rotativo patenteado MOTUS protege totalmente as lentes, prolongando a sua durabilidade e refor\u00e7ando a exclusividade da pe\u00e7a.\" \/>\n<meta name=\"robots\" content=\"index, follow, max-snippet:-1, max-image-preview:large, max-video-preview:-1\" \/>\n<link rel=\"canonical\" href=\"https:\/\/www.saooptica.pt\/en\/product\/ac-04-grey\/\" \/>\n<meta property=\"og:locale\" content=\"en_GB\" \/>\n<meta property=\"og:type\" content=\"article\" \/>\n<meta property=\"og:title\" content=\"AC 04 - Grey - S\u00e3o \u00d3pticas\" \/>\n<meta property=\"og:description\" content=\"Os Movitra AC 04 s\u00e3o a express\u00e3o m\u00e1xima da inova\u00e7\u00e3o italiana em eyewear. Com frontal em acetato Mazzucchelli 1849\u00ae maquinado em CNC e refor\u00e7o em tit\u00e2nio na parte traseira, este modelo alia eleg\u00e2ncia contempor\u00e2nea, robustez e engenharia de precis\u00e3o. O mecanismo rotativo patenteado MOTUS protege totalmente as lentes, prolongando a sua durabilidade e refor\u00e7ando a exclusividade da pe\u00e7a.\" \/>\n<meta property=\"og:url\" content=\"https:\/\/www.saooptica.pt\/en\/product\/ac-04-grey\/\" \/>\n<meta property=\"og:site_name\" content=\"S\u00e3o \u00d3pticas\" \/>\n<meta property=\"article:publisher\" content=\"https:\/\/www.facebook.com\/saoopticas\/?locale=pt_PT\" \/>\n<meta property=\"article:modified_time\" content=\"2025-09-20T16:40:02+00:00\" \/>\n<meta property=\"og:image\" content=\"https:\/\/www.saooptica.pt\/wp-content\/uploads\/2025\/08\/70AC04GREY_GREY_01.png\" \/>\n\t<meta property=\"og:image:width\" content=\"1930\" \/>\n\t<meta property=\"og:image:height\" content=\"2560\" \/>\n\t<meta property=\"og:image:type\" content=\"image\/png\" \/>\n<meta name=\"twitter:card\" content=\"summary_large_image\" \/>\n<meta name=\"twitter:label1\" content=\"Estimated reading time\" \/>\n\t<meta name=\"twitter:data1\" content=\"1 minute\" \/>\n<script type=\"application\/ld+json\" class=\"yoast-schema-graph\">{\"@context\":\"https:\/\/schema.org\",\"@graph\":[{\"@type\":\"WebPage\",\"@id\":\"https:\/\/www.saooptica.pt\/produto\/ac-04-grey\/\",\"url\":\"https:\/\/www.saooptica.pt\/produto\/ac-04-grey\/\",\"name\":\"AC 04 - Grey - S\u00e3o \u00d3pticas\",\"isPartOf\":{\"@id\":\"https:\/\/www.saooptica.pt\/#website\"},\"primaryImageOfPage\":{\"@id\":\"https:\/\/www.saooptica.pt\/produto\/ac-04-grey\/#primaryimage\"},\"image\":{\"@id\":\"https:\/\/www.saooptica.pt\/produto\/ac-04-grey\/#primaryimage\"},\"thumbnailUrl\":\"https:\/\/www.saooptica.pt\/wp-content\/uploads\/2025\/08\/70AC04GREY_GREY_01.png\",\"datePublished\":\"2025-09-20T16:38:40+00:00\",\"dateModified\":\"2025-09-20T16:40:02+00:00\",\"description\":\"Os Movitra AC 04 s\u00e3o a express\u00e3o m\u00e1xima da inova\u00e7\u00e3o italiana em eyewear. Com frontal em acetato Mazzucchelli 1849\u00ae maquinado em CNC e refor\u00e7o em tit\u00e2nio na parte traseira, este modelo alia eleg\u00e2ncia contempor\u00e2nea, robustez e engenharia de precis\u00e3o. O mecanismo rotativo patenteado MOTUS protege totalmente as lentes, prolongando a sua durabilidade e refor\u00e7ando a exclusividade da pe\u00e7a.\",\"breadcrumb\":{\"@id\":\"https:\/\/www.saooptica.pt\/produto\/ac-04-grey\/#breadcrumb\"},\"inLanguage\":\"en-GB\",\"potentialAction\":[{\"@type\":\"ReadAction\",\"target\":[\"https:\/\/www.saooptica.pt\/produto\/ac-04-grey\/\"]}]},{\"@type\":\"ImageObject\",\"inLanguage\":\"en-GB\",\"@id\":\"https:\/\/www.saooptica.pt\/produto\/ac-04-grey\/#primaryimage\",\"url\":\"https:\/\/www.saooptica.pt\/wp-content\/uploads\/2025\/08\/70AC04GREY_GREY_01.png\",\"contentUrl\":\"https:\/\/www.saooptica.pt\/wp-content\/uploads\/2025\/08\/70AC04GREY_GREY_01.png\",\"width\":1930,\"height\":2560},{\"@type\":\"BreadcrumbList\",\"@id\":\"https:\/\/www.saooptica.pt\/produto\/ac-04-grey\/#breadcrumb\",\"itemListElement\":[{\"@type\":\"ListItem\",\"position\":1,\"name\":\"In\u00edcio\",\"item\":\"https:\/\/www.saooptica.pt\/\"},{\"@type\":\"ListItem\",\"position\":2,\"name\":\"Loja\",\"item\":\"https:\/\/www.saooptica.pt\/loja\/\"},{\"@type\":\"ListItem\",\"position\":3,\"name\":\"AC 04 &#8211; Grey\"}]},{\"@type\":\"WebSite\",\"@id\":\"https:\/\/www.saooptica.pt\/#website\",\"url\":\"https:\/\/www.saooptica.pt\/\",\"name\":\"S\u00e3o \u00d3pticas\",\"description\":\"A sua \u00f3ptica em Leiria\",\"publisher\":{\"@id\":\"https:\/\/www.saooptica.pt\/#organization\"},\"potentialAction\":[{\"@type\":\"SearchAction\",\"target\":{\"@type\":\"EntryPoint\",\"urlTemplate\":\"https:\/\/www.saooptica.pt\/?s={search_term_string}\"},\"query-input\":{\"@type\":\"PropertyValueSpecification\",\"valueRequired\":true,\"valueName\":\"search_term_string\"}}],\"inLanguage\":\"en-GB\"},{\"@type\":\"Organization\",\"@id\":\"https:\/\/www.saooptica.pt\/#organization\",\"name\":\"S\u00e3o \u00d3pticas\",\"url\":\"https:\/\/www.saooptica.pt\/\",\"logo\":{\"@type\":\"ImageObject\",\"inLanguage\":\"en-GB\",\"@id\":\"https:\/\/www.saooptica.pt\/#\/schema\/logo\/image\/\",\"url\":\"https:\/\/www.saooptica.pt\/wp-content\/uploads\/2023\/06\/sao-opticas-header-logo-preto@2x.png\",\"contentUrl\":\"https:\/\/www.saooptica.pt\/wp-content\/uploads\/2023\/06\/sao-opticas-header-logo-preto@2x.png\",\"width\":669,\"height\":93,\"caption\":\"S\u00e3o \u00d3pticas\"},\"image\":{\"@id\":\"https:\/\/www.saooptica.pt\/#\/schema\/logo\/image\/\"},\"sameAs\":[\"https:\/\/www.facebook.com\/saoopticas\/?locale=pt_PT\",\"https:\/\/www.instagram.com\/saoopticas\/\"]}]}<\/script>\n<!-- \/ Yoast SEO plugin. -->","yoast_head_json":{"title":"AC 04 - Grey - S\u00e3o \u00d3pticas","description":"Os Movitra AC 04 s\u00e3o a express\u00e3o m\u00e1xima da inova\u00e7\u00e3o italiana em eyewear. Com frontal em acetato Mazzucchelli 1849\u00ae maquinado em CNC e refor\u00e7o em tit\u00e2nio na parte traseira, este modelo alia eleg\u00e2ncia contempor\u00e2nea, robustez e engenharia de precis\u00e3o. O mecanismo rotativo patenteado MOTUS protege totalmente as lentes, prolongando a sua durabilidade e refor\u00e7ando a exclusividade da pe\u00e7a.","robots":{"index":"index","follow":"follow","max-snippet":"max-snippet:-1","max-image-preview":"max-image-preview:large","max-video-preview":"max-video-preview:-1"},"canonical":"https:\/\/www.saooptica.pt\/en\/product\/ac-04-grey\/","og_locale":"en_GB","og_type":"article","og_title":"AC 04 - Grey - S\u00e3o \u00d3pticas","og_description":"Os Movitra AC 04 s\u00e3o a express\u00e3o m\u00e1xima da inova\u00e7\u00e3o italiana em eyewear. Com frontal em acetato Mazzucchelli 1849\u00ae maquinado em CNC e refor\u00e7o em tit\u00e2nio na parte traseira, este modelo alia eleg\u00e2ncia contempor\u00e2nea, robustez e engenharia de precis\u00e3o. O mecanismo rotativo patenteado MOTUS protege totalmente as lentes, prolongando a sua durabilidade e refor\u00e7ando a exclusividade da pe\u00e7a.","og_url":"https:\/\/www.saooptica.pt\/en\/product\/ac-04-grey\/","og_site_name":"S\u00e3o \u00d3pticas","article_publisher":"https:\/\/www.facebook.com\/saoopticas\/?locale=pt_PT","article_modified_time":"2025-09-20T16:40:02+00:00","og_image":[{"width":1930,"height":2560,"url":"https:\/\/www.saooptica.pt\/wp-content\/uploads\/2025\/08\/70AC04GREY_GREY_01.png","type":"image\/png"}],"twitter_card":"summary_large_image","twitter_misc":{"Estimated reading time":"1 minute"},"schema":{"@context":"https:\/\/schema.org","@graph":[{"@type":"WebPage","@id":"https:\/\/www.saooptica.pt\/produto\/ac-04-grey\/","url":"https:\/\/www.saooptica.pt\/produto\/ac-04-grey\/","name":"AC 04 - Grey - S\u00e3o \u00d3pticas","isPartOf":{"@id":"https:\/\/www.saooptica.pt\/#website"},"primaryImageOfPage":{"@id":"https:\/\/www.saooptica.pt\/produto\/ac-04-grey\/#primaryimage"},"image":{"@id":"https:\/\/www.saooptica.pt\/produto\/ac-04-grey\/#primaryimage"},"thumbnailUrl":"https:\/\/www.saooptica.pt\/wp-content\/uploads\/2025\/08\/70AC04GREY_GREY_01.png","datePublished":"2025-09-20T16:38:40+00:00","dateModified":"2025-09-20T16:40:02+00:00","description":"Os Movitra AC 04 s\u00e3o a express\u00e3o m\u00e1xima da inova\u00e7\u00e3o italiana em eyewear. Com frontal em acetato Mazzucchelli 1849\u00ae maquinado em CNC e refor\u00e7o em tit\u00e2nio na parte traseira, este modelo alia eleg\u00e2ncia contempor\u00e2nea, robustez e engenharia de precis\u00e3o. O mecanismo rotativo patenteado MOTUS protege totalmente as lentes, prolongando a sua durabilidade e refor\u00e7ando a exclusividade da pe\u00e7a.","breadcrumb":{"@id":"https:\/\/www.saooptica.pt\/produto\/ac-04-grey\/#breadcrumb"},"inLanguage":"en-GB","potentialAction":[{"@type":"ReadAction","target":["https:\/\/www.saooptica.pt\/produto\/ac-04-grey\/"]}]},{"@type":"ImageObject","inLanguage":"en-GB","@id":"https:\/\/www.saooptica.pt\/produto\/ac-04-grey\/#primaryimage","url":"https:\/\/www.saooptica.pt\/wp-content\/uploads\/2025\/08\/70AC04GREY_GREY_01.png","contentUrl":"https:\/\/www.saooptica.pt\/wp-content\/uploads\/2025\/08\/70AC04GREY_GREY_01.png","width":1930,"height":2560},{"@type":"BreadcrumbList","@id":"https:\/\/www.saooptica.pt\/produto\/ac-04-grey\/#breadcrumb","itemListElement":[{"@type":"ListItem","position":1,"name":"In\u00edcio","item":"https:\/\/www.saooptica.pt\/"},{"@type":"ListItem","position":2,"name":"Loja","item":"https:\/\/www.saooptica.pt\/loja\/"},{"@type":"ListItem","position":3,"name":"AC 04 &#8211; Grey"}]},{"@type":"WebSite","@id":"https:\/\/www.saooptica.pt\/#website","url":"https:\/\/www.saooptica.pt\/","name":"S\u00e3o \u00d3pticas","description":"A sua \u00f3ptica em Leiria","publisher":{"@id":"https:\/\/www.saooptica.pt\/#organization"},"potentialAction":[{"@type":"SearchAction","target":{"@type":"EntryPoint","urlTemplate":"https:\/\/www.saooptica.pt\/?s={search_term_string}"},"query-input":{"@type":"PropertyValueSpecification","valueRequired":true,"valueName":"search_term_string"}}],"inLanguage":"en-GB"},{"@type":"Organization","@id":"https:\/\/www.saooptica.pt\/#organization","name":"S\u00e3o \u00d3pticas","url":"https:\/\/www.saooptica.pt\/","logo":{"@type":"ImageObject","inLanguage":"en-GB","@id":"https:\/\/www.saooptica.pt\/#\/schema\/logo\/image\/","url":"https:\/\/www.saooptica.pt\/wp-content\/uploads\/2023\/06\/sao-opticas-header-logo-preto@2x.png","contentUrl":"https:\/\/www.saooptica.pt\/wp-content\/uploads\/2023\/06\/sao-opticas-header-logo-preto@2x.png","width":669,"height":93,"caption":"S\u00e3o \u00d3pticas"},"image":{"@id":"https:\/\/www.saooptica.pt\/#\/schema\/logo\/image\/"},"sameAs":["https:\/\/www.facebook.com\/saoopticas\/?locale=pt_PT","https:\/\/www.instagram.com\/saoopticas\/"]}]}},"_links":{"self":[{"href":"https:\/\/www.saooptica.pt\/en\/wp-json\/wp\/v2\/product\/3189","targetHints":{"allow":["GET"]}}],"collection":[{"href":"https:\/\/www.saooptica.pt\/en\/wp-json\/wp\/v2\/product"}],"about":[{"href":"https:\/\/www.saooptica.pt\/en\/wp-json\/wp\/v2\/types\/product"}],"version-history":[{"count":1,"href":"https:\/\/www.saooptica.pt\/en\/wp-json\/wp\/v2\/product\/3189\/revisions"}],"predecessor-version":[{"id":3190,"href":"https:\/\/www.saooptica.pt\/en\/wp-json\/wp\/v2\/product\/3189\/revisions\/3190"}],"wp:featuredmedia":[{"embeddable":true,"href":"https:\/\/www.saooptica.pt\/en\/wp-json\/wp\/v2\/media\/2519"}],"wp:attachment":[{"href":"https:\/\/www.saooptica.pt\/en\/wp-json\/wp\/v2\/media?parent=3189"}],"wp:term":[{"taxonomy":"product_brand","embeddable":true,"href":"https:\/\/www.saooptica.pt\/en\/wp-json\/wp\/v2\/product_brand?post=3189"},{"taxonomy":"product_cat","embeddable":true,"href":"https:\/\/www.saooptica.pt\/en\/wp-json\/wp\/v2\/product_cat?post=3189"},{"taxonomy":"product_tag","embeddable":true,"href":"https:\/\/www.saooptica.pt\/en\/wp-json\/wp\/v2\/product_tag?post=3189"}],"curies":[{"name":"wp","href":"https:\/\/api.w.org\/{rel}","templated":true}]}}