{"id":1873,"date":"2024-10-15T15:37:14","date_gmt":"2024-10-15T15:37:14","guid":{"rendered":"https:\/\/www.saooptica.pt\/?post_type=product&#038;p=1873"},"modified":"2026-03-23T09:59:49","modified_gmt":"2026-03-23T09:59:49","slug":"akx-114f-52","status":"publish","type":"product","link":"https:\/\/www.saooptica.pt\/en\/product\/akx-114f-52\/","title":{"rendered":"Cosmo &#8211; Green Swirl"},"content":{"rendered":"","protected":false},"excerpt":{"rendered":"","protected":false},"featured_media":2253,"template":"","meta":{"inline_featured_image":false},"product_brand":[53],"product_cat":[28],"product_tag":[56],"class_list":{"0":"post-1873","1":"product","2":"type-product","3":"status-publish","4":"has-post-thumbnail","6":"product_brand-akoni","7":"product_cat-akoni","8":"product_tag-colecao-sol","10":"first","11":"outofstock","12":"taxable","13":"shipping-taxable","14":"purchasable","15":"product-type-simple"},"yoast_head":"<!-- This site is optimized with the Yoast SEO plugin v27.1.1 - https:\/\/yoast.com\/product\/yoast-seo-wordpress\/ -->\n<title>Cosmo - Green Swirl - S\u00e3o \u00d3pticas<\/title>\n<meta name=\"robots\" content=\"index, follow, max-snippet:-1, max-image-preview:large, max-video-preview:-1\" \/>\n<link rel=\"canonical\" href=\"https:\/\/www.saooptica.pt\/en\/product\/akx-114f-52\/\" \/>\n<meta property=\"og:locale\" content=\"en_GB\" \/>\n<meta property=\"og:type\" content=\"article\" \/>\n<meta property=\"og:title\" content=\"Cosmo - Green Swirl - S\u00e3o \u00d3pticas\" \/>\n<meta property=\"og:url\" content=\"https:\/\/www.saooptica.pt\/en\/product\/akx-114f-52\/\" \/>\n<meta property=\"og:site_name\" content=\"S\u00e3o \u00d3pticas\" \/>\n<meta property=\"article:publisher\" content=\"https:\/\/www.facebook.com\/saoopticas\/?locale=pt_PT\" \/>\n<meta property=\"article:modified_time\" content=\"2026-03-23T09:59:49+00:00\" \/>\n<meta property=\"og:image\" content=\"https:\/\/www.saooptica.pt\/wp-content\/uploads\/2025\/08\/42AKX114F-2.png\" \/>\n\t<meta property=\"og:image:width\" content=\"1930\" \/>\n\t<meta property=\"og:image:height\" content=\"2560\" \/>\n\t<meta property=\"og:image:type\" content=\"image\/png\" \/>\n<meta name=\"twitter:card\" content=\"summary_large_image\" \/>\n<meta name=\"twitter:label1\" content=\"Estimated reading time\" \/>\n\t<meta name=\"twitter:data1\" content=\"1 minute\" \/>\n<script type=\"application\/ld+json\" class=\"yoast-schema-graph\">{\"@context\":\"https:\/\/schema.org\",\"@graph\":[{\"@type\":\"WebPage\",\"@id\":\"https:\/\/www.saooptica.pt\/produto\/akx-114f-52\/\",\"url\":\"https:\/\/www.saooptica.pt\/produto\/akx-114f-52\/\",\"name\":\"Cosmo - Green Swirl - S\u00e3o \u00d3pticas\",\"isPartOf\":{\"@id\":\"https:\/\/www.saooptica.pt\/#website\"},\"primaryImageOfPage\":{\"@id\":\"https:\/\/www.saooptica.pt\/produto\/akx-114f-52\/#primaryimage\"},\"image\":{\"@id\":\"https:\/\/www.saooptica.pt\/produto\/akx-114f-52\/#primaryimage\"},\"thumbnailUrl\":\"https:\/\/www.saooptica.pt\/wp-content\/uploads\/2025\/08\/42AKX114F-2.png\",\"datePublished\":\"2024-10-15T15:37:14+00:00\",\"dateModified\":\"2026-03-23T09:59:49+00:00\",\"breadcrumb\":{\"@id\":\"https:\/\/www.saooptica.pt\/produto\/akx-114f-52\/#breadcrumb\"},\"inLanguage\":\"en-GB\",\"potentialAction\":[{\"@type\":\"ReadAction\",\"target\":[\"https:\/\/www.saooptica.pt\/produto\/akx-114f-52\/\"]}]},{\"@type\":\"ImageObject\",\"inLanguage\":\"en-GB\",\"@id\":\"https:\/\/www.saooptica.pt\/produto\/akx-114f-52\/#primaryimage\",\"url\":\"https:\/\/www.saooptica.pt\/wp-content\/uploads\/2025\/08\/42AKX114F-2.png\",\"contentUrl\":\"https:\/\/www.saooptica.pt\/wp-content\/uploads\/2025\/08\/42AKX114F-2.png\",\"width\":1930,\"height\":2560},{\"@type\":\"BreadcrumbList\",\"@id\":\"https:\/\/www.saooptica.pt\/produto\/akx-114f-52\/#breadcrumb\",\"itemListElement\":[{\"@type\":\"ListItem\",\"position\":1,\"name\":\"In\u00edcio\",\"item\":\"https:\/\/www.saooptica.pt\/\"},{\"@type\":\"ListItem\",\"position\":2,\"name\":\"Loja\",\"item\":\"https:\/\/www.saooptica.pt\/loja\/\"},{\"@type\":\"ListItem\",\"position\":3,\"name\":\"Cosmo &#8211; Green Swirl\"}]},{\"@type\":\"WebSite\",\"@id\":\"https:\/\/www.saooptica.pt\/#website\",\"url\":\"https:\/\/www.saooptica.pt\/\",\"name\":\"S\u00e3o \u00d3pticas\",\"description\":\"A sua \u00f3ptica em Leiria\",\"publisher\":{\"@id\":\"https:\/\/www.saooptica.pt\/#organization\"},\"potentialAction\":[{\"@type\":\"SearchAction\",\"target\":{\"@type\":\"EntryPoint\",\"urlTemplate\":\"https:\/\/www.saooptica.pt\/?s={search_term_string}\"},\"query-input\":{\"@type\":\"PropertyValueSpecification\",\"valueRequired\":true,\"valueName\":\"search_term_string\"}}],\"inLanguage\":\"en-GB\"},{\"@type\":\"Organization\",\"@id\":\"https:\/\/www.saooptica.pt\/#organization\",\"name\":\"S\u00e3o \u00d3pticas\",\"url\":\"https:\/\/www.saooptica.pt\/\",\"logo\":{\"@type\":\"ImageObject\",\"inLanguage\":\"en-GB\",\"@id\":\"https:\/\/www.saooptica.pt\/#\/schema\/logo\/image\/\",\"url\":\"https:\/\/www.saooptica.pt\/wp-content\/uploads\/2023\/06\/sao-opticas-header-logo-preto@2x.png\",\"contentUrl\":\"https:\/\/www.saooptica.pt\/wp-content\/uploads\/2023\/06\/sao-opticas-header-logo-preto@2x.png\",\"width\":669,\"height\":93,\"caption\":\"S\u00e3o \u00d3pticas\"},\"image\":{\"@id\":\"https:\/\/www.saooptica.pt\/#\/schema\/logo\/image\/\"},\"sameAs\":[\"https:\/\/www.facebook.com\/saoopticas\/?locale=pt_PT\",\"https:\/\/www.instagram.com\/saoopticas\/\"]}]}<\/script>\n<!-- \/ Yoast SEO plugin. -->","yoast_head_json":{"title":"Cosmo - Green Swirl - S\u00e3o \u00d3pticas","robots":{"index":"index","follow":"follow","max-snippet":"max-snippet:-1","max-image-preview":"max-image-preview:large","max-video-preview":"max-video-preview:-1"},"canonical":"https:\/\/www.saooptica.pt\/en\/product\/akx-114f-52\/","og_locale":"en_GB","og_type":"article","og_title":"Cosmo - Green Swirl - S\u00e3o \u00d3pticas","og_url":"https:\/\/www.saooptica.pt\/en\/product\/akx-114f-52\/","og_site_name":"S\u00e3o \u00d3pticas","article_publisher":"https:\/\/www.facebook.com\/saoopticas\/?locale=pt_PT","article_modified_time":"2026-03-23T09:59:49+00:00","og_image":[{"width":1930,"height":2560,"url":"https:\/\/www.saooptica.pt\/wp-content\/uploads\/2025\/08\/42AKX114F-2.png","type":"image\/png"}],"twitter_card":"summary_large_image","twitter_misc":{"Estimated reading time":"1 minute"},"schema":{"@context":"https:\/\/schema.org","@graph":[{"@type":"WebPage","@id":"https:\/\/www.saooptica.pt\/produto\/akx-114f-52\/","url":"https:\/\/www.saooptica.pt\/produto\/akx-114f-52\/","name":"Cosmo - Green Swirl - S\u00e3o \u00d3pticas","isPartOf":{"@id":"https:\/\/www.saooptica.pt\/#website"},"primaryImageOfPage":{"@id":"https:\/\/www.saooptica.pt\/produto\/akx-114f-52\/#primaryimage"},"image":{"@id":"https:\/\/www.saooptica.pt\/produto\/akx-114f-52\/#primaryimage"},"thumbnailUrl":"https:\/\/www.saooptica.pt\/wp-content\/uploads\/2025\/08\/42AKX114F-2.png","datePublished":"2024-10-15T15:37:14+00:00","dateModified":"2026-03-23T09:59:49+00:00","breadcrumb":{"@id":"https:\/\/www.saooptica.pt\/produto\/akx-114f-52\/#breadcrumb"},"inLanguage":"en-GB","potentialAction":[{"@type":"ReadAction","target":["https:\/\/www.saooptica.pt\/produto\/akx-114f-52\/"]}]},{"@type":"ImageObject","inLanguage":"en-GB","@id":"https:\/\/www.saooptica.pt\/produto\/akx-114f-52\/#primaryimage","url":"https:\/\/www.saooptica.pt\/wp-content\/uploads\/2025\/08\/42AKX114F-2.png","contentUrl":"https:\/\/www.saooptica.pt\/wp-content\/uploads\/2025\/08\/42AKX114F-2.png","width":1930,"height":2560},{"@type":"BreadcrumbList","@id":"https:\/\/www.saooptica.pt\/produto\/akx-114f-52\/#breadcrumb","itemListElement":[{"@type":"ListItem","position":1,"name":"In\u00edcio","item":"https:\/\/www.saooptica.pt\/"},{"@type":"ListItem","position":2,"name":"Loja","item":"https:\/\/www.saooptica.pt\/loja\/"},{"@type":"ListItem","position":3,"name":"Cosmo &#8211; Green Swirl"}]},{"@type":"WebSite","@id":"https:\/\/www.saooptica.pt\/#website","url":"https:\/\/www.saooptica.pt\/","name":"S\u00e3o \u00d3pticas","description":"A sua \u00f3ptica em Leiria","publisher":{"@id":"https:\/\/www.saooptica.pt\/#organization"},"potentialAction":[{"@type":"SearchAction","target":{"@type":"EntryPoint","urlTemplate":"https:\/\/www.saooptica.pt\/?s={search_term_string}"},"query-input":{"@type":"PropertyValueSpecification","valueRequired":true,"valueName":"search_term_string"}}],"inLanguage":"en-GB"},{"@type":"Organization","@id":"https:\/\/www.saooptica.pt\/#organization","name":"S\u00e3o \u00d3pticas","url":"https:\/\/www.saooptica.pt\/","logo":{"@type":"ImageObject","inLanguage":"en-GB","@id":"https:\/\/www.saooptica.pt\/#\/schema\/logo\/image\/","url":"https:\/\/www.saooptica.pt\/wp-content\/uploads\/2023\/06\/sao-opticas-header-logo-preto@2x.png","contentUrl":"https:\/\/www.saooptica.pt\/wp-content\/uploads\/2023\/06\/sao-opticas-header-logo-preto@2x.png","width":669,"height":93,"caption":"S\u00e3o \u00d3pticas"},"image":{"@id":"https:\/\/www.saooptica.pt\/#\/schema\/logo\/image\/"},"sameAs":["https:\/\/www.facebook.com\/saoopticas\/?locale=pt_PT","https:\/\/www.instagram.com\/saoopticas\/"]}]}},"_links":{"self":[{"href":"https:\/\/www.saooptica.pt\/en\/wp-json\/wp\/v2\/product\/1873","targetHints":{"allow":["GET"]}}],"collection":[{"href":"https:\/\/www.saooptica.pt\/en\/wp-json\/wp\/v2\/product"}],"about":[{"href":"https:\/\/www.saooptica.pt\/en\/wp-json\/wp\/v2\/types\/product"}],"version-history":[{"count":3,"href":"https:\/\/www.saooptica.pt\/en\/wp-json\/wp\/v2\/product\/1873\/revisions"}],"predecessor-version":[{"id":2884,"href":"https:\/\/www.saooptica.pt\/en\/wp-json\/wp\/v2\/product\/1873\/revisions\/2884"}],"wp:featuredmedia":[{"embeddable":true,"href":"https:\/\/www.saooptica.pt\/en\/wp-json\/wp\/v2\/media\/2253"}],"wp:attachment":[{"href":"https:\/\/www.saooptica.pt\/en\/wp-json\/wp\/v2\/media?parent=1873"}],"wp:term":[{"taxonomy":"product_brand","embeddable":true,"href":"https:\/\/www.saooptica.pt\/en\/wp-json\/wp\/v2\/product_brand?post=1873"},{"taxonomy":"product_cat","embeddable":true,"href":"https:\/\/www.saooptica.pt\/en\/wp-json\/wp\/v2\/product_cat?post=1873"},{"taxonomy":"product_tag","embeddable":true,"href":"https:\/\/www.saooptica.pt\/en\/wp-json\/wp\/v2\/product_tag?post=1873"}],"curies":[{"name":"wp","href":"https:\/\/api.w.org\/{rel}","templated":true}]}}